{"id":192,"date":"2016-12-13T10:47:59","date_gmt":"2016-12-13T09:47:59","guid":{"rendered":"http:\/\/www.desales.sk\/?page_id=192"},"modified":"2020-04-14T18:27:15","modified_gmt":"2020-04-14T16:27:15","slug":"klub-annecy","status":"publish","type":"page","link":"http:\/\/www.desales.sk\/?page_id=192","title":{"rendered":"Klub Annecy"},"content":{"rendered":"<p><strong><img loading=\"lazy\" decoding=\"async\" class=\"alignright wp-image-1068\" src=\"http:\/\/www.desales.sk\/wp-content\/uploads\/2017\/02\/019-Logo-Annecy-01-Vektor-264x300.png\" alt=\"\" width=\"250\" height=\"284\" srcset=\"http:\/\/www.desales.sk\/wp-content\/uploads\/2017\/02\/019-Logo-Annecy-01-Vektor-264x300.png 264w, http:\/\/www.desales.sk\/wp-content\/uploads\/2017\/02\/019-Logo-Annecy-01-Vektor-768x874.png 768w, http:\/\/www.desales.sk\/wp-content\/uploads\/2017\/02\/019-Logo-Annecy-01-Vektor-900x1024.png 900w\" sizes=\"auto, (max-width: 250px) 100vw, 250px\" \/>Klub Annecy<\/strong> (<em>\u010d\u00edtaj ansi<\/em>) je klub priate\u013eov a&nbsp;podporovate\u013eov In\u0161tit\u00fatu sv\u00e4t\u00e9ho Franti\u0161ka Salesk\u00e9ho, ktor\u00ed formou pravideln\u00fdch milodarov podporuj\u00fa jeho \u010dinnos\u0165, aktivity, <a href=\"http:\/\/www.desales.sk\/?page_id=28&amp;lang=sk\">misiu<\/a> a&nbsp;apo\u0161tol\u00e1t, a&nbsp;tak mu pom\u00e1haj\u00fa nap\u013a\u0148a\u0165 jeho <a href=\"http:\/\/www.desales.sk\/?page_id=26&amp;lang=sk\">v\u00edziu<\/a>. Z\u00e1rove\u0148&nbsp;t\u00fdm v\u0161ak <strong>podporuj\u00fa vlastn\u00fd duchovn\u00fd rast,<\/strong> rast k&nbsp;osobnej sv\u00e4tosti a dokonalosti.<\/p>\n<p><strong>Pridaj sa k&nbsp;n\u00e1m! <\/strong>Podpor n\u00e1s a sta\u0148 sa sv\u00e4t\u00fdm! Sta\u0148 sa \u010dlenom klubu Annecy.<strong> Bo\u017eia milos\u0165<\/strong> si <strong>vy\u017eaduje vedom\u00fa \u013eudsk\u00fa spolupr\u00e1cu.<\/strong> V\u010faka Tvojej pravidelnej podpore budeme schopn\u00ed vybudova\u0165 pevn\u00e9 z\u00e1klady, na ktor\u00fdch m\u00f4\u017eeme stava\u0165 spolo\u010dn\u00e9 dielo. Z\u00e1rove\u0148 \u0164a v\u010faka tvojmu milodaru budeme vedie\u0165 podpori\u0165 v&nbsp;raste k&nbsp;osobnej sv\u00e4tosti. Takto sa n\u00e1m spolo\u010dn\u00fdmi silami podar\u00ed v&nbsp;na\u0161ich srdciach, aj v&nbsp;celej na\u0161ej spolo\u010dnosti <strong>Obnovi\u0165 v\u0161etko v&nbsp;Kristovi skrze M\u00e1riu. <\/strong><\/p>\n<h3>\u010co je to sv\u00e4tos\u0165?<\/h3>\n<p><strong><img loading=\"lazy\" decoding=\"async\" class=\"wp-image-263 size-medium alignright\" src=\"http:\/\/www.desales.sk\/wp-content\/uploads\/2016\/12\/Web-Annecy-Jan-Pavol-II-e1506719680418-242x300.jpg\" alt=\"\" width=\"242\" height=\"300\" srcset=\"http:\/\/www.desales.sk\/wp-content\/uploads\/2016\/12\/Web-Annecy-Jan-Pavol-II-e1506719680418-242x300.jpg 242w, http:\/\/www.desales.sk\/wp-content\/uploads\/2016\/12\/Web-Annecy-Jan-Pavol-II-e1506719680418.jpg 323w\" sizes=\"auto, (max-width: 242px) 100vw, 242px\" \/>Sv\u00e4tos\u0165 je Bo\u017eie dielo v n\u00e1s. <\/strong>P\u00e1n po n\u00e1s chce, aby sme boli \u010dist\u00fdm pl\u00e1tnom, na ktor\u00e9 on ma\u013euje n\u00e1dhern\u00fd obraz n\u00e1\u0161ho \u017eivota. Ak mu dovol\u00edme vyu\u017ei\u0165 na\u0161e talenty na jeho sv\u00e4t\u00e9 ciele, nama\u013euje ten najkraj\u0161\u00ed obraz a d\u00e1 n\u00e1m silu hrdinsky ho nasledova\u0165 v ka\u017edej situ\u00e1cii a sk\u00fa\u0161ke, ktor\u00fa n\u00e1m zo\u0161le. N\u00e1\u0161 \u017eivot bude pr\u00edbehom hrdinu.<\/p>\n<h3>Sme aj my povolan\u00ed k sv\u00e4tosti, \u010di len k priemernosti?<\/h3>\n<p><img loading=\"lazy\" decoding=\"async\" class=\"alignleft size-medium wp-image-1138\" src=\"http:\/\/www.desales.sk\/wp-content\/uploads\/2016\/12\/066-Matka-Tereza-02-Medium-Quality-300x206.jpg\" alt=\"\" width=\"300\" height=\"206\" srcset=\"http:\/\/www.desales.sk\/wp-content\/uploads\/2016\/12\/066-Matka-Tereza-02-Medium-Quality-300x206.jpg 300w, http:\/\/www.desales.sk\/wp-content\/uploads\/2016\/12\/066-Matka-Tereza-02-Medium-Quality-768x527.jpg 768w, http:\/\/www.desales.sk\/wp-content\/uploads\/2016\/12\/066-Matka-Tereza-02-Medium-Quality-1024x703.jpg 1024w\" sizes=\"auto, (max-width: 300px) 100vw, 300px\" \/>N\u00e1\u0161 patr\u00f3n hl\u00e1sal sv\u00e4tos\u0165 uprostred ka\u017edodennosti. Sv\u00e4tos\u0165 nie je nie\u010do pre vyvolen\u00fdch, len pre zasv\u00e4ten\u00fdch. Ka\u017ed\u00fd sme povolan\u00fd k&nbsp;sv\u00e4tosti. P\u00e1n vol\u00e1 k sv\u00e4tosti ka\u017ed\u00e9ho, mlad\u00fdch i star\u00fdch, zdrav\u00fdch \u010di chor\u00fdch, vzdelan\u00fdch i jednoduch\u00fdch, \u0161ikovn\u00fdch aj ne\u0161ikovn\u00fdch, bohat\u00fdch i chudobn\u00fdch. V\u0161etci sme povolan\u00ed k sv\u00e4tosti, len ka\u017ed\u00fd m\u00e1me in\u00e9 povolanie. Niektor\u00fdch vol\u00e1 do man\u017eelstva, in\u00fdch do rehole \u010di k\u0148azstva. T\u00fdch prip\u00fatan\u00fdch na l\u00f4\u017eko k modlitbe a obete. Ka\u017ed\u00fd sme povolan\u00fd by\u0165 \u017eiv\u00fdm \u00fadom Kristovho tajomn\u00e9ho tela (porov. <em>1 Kor<\/em> 12, 4-27).<\/p>\n<h3>Ak\u00e9 prostriedky pou\u017e\u00edvali sv\u00e4t\u00ed?<\/h3>\n<p><strong><img loading=\"lazy\" decoding=\"async\" class=\"alignleft size-medium wp-image-1139\" src=\"http:\/\/www.desales.sk\/wp-content\/uploads\/2016\/12\/067-Oltarne-dary-02-Medium-Quality-300x200.jpg\" alt=\"\" width=\"300\" height=\"200\" srcset=\"http:\/\/www.desales.sk\/wp-content\/uploads\/2016\/12\/067-Oltarne-dary-02-Medium-Quality-300x200.jpg 300w, http:\/\/www.desales.sk\/wp-content\/uploads\/2016\/12\/067-Oltarne-dary-02-Medium-Quality-768x512.jpg 768w, http:\/\/www.desales.sk\/wp-content\/uploads\/2016\/12\/067-Oltarne-dary-02-Medium-Quality.jpg 1024w\" sizes=\"auto, (max-width: 300px) 100vw, 300px\" \/>Nie ka\u017ed\u00fd kto chod\u00ed do kostola je sv\u00e4t\u00fd! Nie ka\u017ed\u00fd kto chod\u00ed na sv\u00e4t\u00fa spove\u010f a sv\u00e4t\u00e9 prij\u00edmanie je sv\u00e4t\u00fd!<\/strong> V\u0161etci sv\u00e4t\u00ed v\u0161ak chodili do kostola, pravidelne prij\u00edmali sviatos\u0165 zmierenia a Eucharistie a \u010fakovali po nich P\u00e1novi, \u010dasto a dlho preb\u00fdvali pri Je\u017ei\u0161ovi po\u010das ador\u00e1cie a pracovali na svojom duchovnom \u017eivote a cnostiach. Na t\u00fato pr\u00e1cu vyu\u017e\u00edvali spytovanie svedomia, rozj\u00edmanie, duchovn\u00e9 \u010d\u00edtanie kvalitnej katol\u00edckej literat\u00fary a duchovn\u00e9 vedenie st\u00e1leho spovedn\u00edka.<\/p>\n<p><img loading=\"lazy\" decoding=\"async\" class=\"size-medium wp-image-1140 alignright\" src=\"http:\/\/www.desales.sk\/wp-content\/uploads\/2016\/12\/068-Stare-knihy-02-Medium-Quality-300x200.jpg\" alt=\"\" width=\"300\" height=\"200\" srcset=\"http:\/\/www.desales.sk\/wp-content\/uploads\/2016\/12\/068-Stare-knihy-02-Medium-Quality-300x200.jpg 300w, http:\/\/www.desales.sk\/wp-content\/uploads\/2016\/12\/068-Stare-knihy-02-Medium-Quality-768x513.jpg 768w, http:\/\/www.desales.sk\/wp-content\/uploads\/2016\/12\/068-Stare-knihy-02-Medium-Quality-1024x684.jpg 1024w, http:\/\/www.desales.sk\/wp-content\/uploads\/2016\/12\/068-Stare-knihy-02-Medium-Quality.jpg 1920w\" sizes=\"auto, (max-width: 300px) 100vw, 300px\" \/>Pod\u013ea vzoru n\u00e1\u0161ho patr\u00f3na sv. Franti\u0161ka Salesk\u00e9ho budeme<strong> \u010dlenom klubu Annecy<\/strong> <strong>pravidelne posiela\u0165<\/strong> <strong>materi\u00e1ly na duchovn\u00fd rast<\/strong>, na spr\u00e1vne spytovanie svedomia a&nbsp;kvalitn\u00fa spove\u010f, na po\u010fakovanie za \u0148u, ako aj za Eucharistiu pred a&nbsp;po sv\u00e4tej om\u0161i, modlitby po\u010das ador\u00e1cie, na pr\u00e1cu na vlastnom duchovnom \u017eivote a&nbsp;na cnostiach a&nbsp;rozj\u00edmania. Taktie\u017e m\u00e1me pre \u010dlenov pripraven\u00fa kvalitn\u00fa duchovn\u00fa literat\u00faru.<\/p>\n<p><img loading=\"lazy\" decoding=\"async\" class=\"size-medium wp-image-1141 alignleft\" src=\"http:\/\/www.desales.sk\/wp-content\/uploads\/2016\/12\/069-Frassati-02-Medium-Quality-208x300.jpg\" alt=\"\" width=\"208\" height=\"300\" srcset=\"http:\/\/www.desales.sk\/wp-content\/uploads\/2016\/12\/069-Frassati-02-Medium-Quality-208x300.jpg 208w, http:\/\/www.desales.sk\/wp-content\/uploads\/2016\/12\/069-Frassati-02-Medium-Quality.jpg 580w\" sizes=\"auto, (max-width: 208px) 100vw, 208px\" \/><strong>Chyst\u00e1me veci pre mlad\u00fdch i&nbsp;star\u0161\u00edch, ba aj t\u00fdch najmen\u0161\u00edch. <\/strong>Pre k\u0148azov chyst\u00e1me materi\u00e1ly, ktor\u00e9 im u\u013eah\u010dia pr\u00e1cu v ich vz\u00e1cnom povolan\u00ed a&nbsp;ponechaj\u00fa viac \u010dasu na veriacich a&nbsp;ich duchovn\u00e9 vedenie.<\/p>\n<p><strong><img loading=\"lazy\" decoding=\"async\" class=\"size-medium wp-image-1142 alignright\" src=\"http:\/\/www.desales.sk\/wp-content\/uploads\/2016\/12\/070-Chiara-02-Medium-Quality-214x300.jpg\" alt=\"\" width=\"214\" height=\"300\" srcset=\"http:\/\/www.desales.sk\/wp-content\/uploads\/2016\/12\/070-Chiara-02-Medium-Quality-214x300.jpg 214w, http:\/\/www.desales.sk\/wp-content\/uploads\/2016\/12\/070-Chiara-02-Medium-Quality.jpg 320w\" sizes=\"auto, (max-width: 214px) 100vw, 214px\" \/><\/strong><\/p>\n<p>Na\u0161\u00edm cie\u013eom je, aby sa ka\u017ed\u00fd \u010dlen klubu Annecy dozvedel z\u00e1kladn\u00e9 piliere katol\u00edckej n\u00e1bo\u017enosti, <strong>\u010do znamenaj\u00fa pre \u017eivot kres\u0165ana, a&nbsp;\u010do by mal robi\u0165 a&nbsp;\u010do zanecha\u0165 na v\u00e4\u010d\u0161iu Bo\u017eiu \u010des\u0165 a&nbsp;sl\u00e1vu a&nbsp;na spasenie svojej du\u0161e. <\/strong>N\u00e1\u0161 patr\u00f3n, sv. Franti\u0161ek Salesk\u00fd, v&nbsp;jednom liste svojim zverencom nap\u00edsal: \u201e<em>Uver a&nbsp;uvid\u00ed\u0161! Ak za\u010dne\u0161 povedan\u00e9 nasledova\u0165, \u017eivot sa ti stane slad\u0161\u00edm ako cukor a&nbsp;med.<\/em>\u201c<\/p>\n<h3>Pozvanie na cestu k sv\u00e4tosti<\/h3>\n<p><img loading=\"lazy\" decoding=\"async\" class=\"alignleft size-medium wp-image-1119\" src=\"http:\/\/www.desales.sk\/wp-content\/uploads\/2016\/09\/046-Klub-Annecy-02-Medium-Quality-207x300.jpg\" alt=\"\" width=\"207\" height=\"300\" srcset=\"http:\/\/www.desales.sk\/wp-content\/uploads\/2016\/09\/046-Klub-Annecy-02-Medium-Quality-207x300.jpg 207w, http:\/\/www.desales.sk\/wp-content\/uploads\/2016\/09\/046-Klub-Annecy-02-Medium-Quality-768x1116.jpg 768w, http:\/\/www.desales.sk\/wp-content\/uploads\/2016\/09\/046-Klub-Annecy-02-Medium-Quality-705x1024.jpg 705w, http:\/\/www.desales.sk\/wp-content\/uploads\/2016\/09\/046-Klub-Annecy-02-Medium-Quality.jpg 1080w\" sizes=\"auto, (max-width: 207px) 100vw, 207px\" \/>\u201e<em>Ten, \u010do \u0164a stvoril bez Teba, bez Teba \u0164a nespas\u00ed!<\/em>\u201c, hovor\u00ed sv. August\u00edn. Je s\u00edce nevyhnutn\u00e1 \u00fapln\u00e1 d\u00f4vera v Boha a jeho milos\u0165, no tak isto aj na\u0161e \u00fasilie. Je d\u00f4le\u017eit\u00e9, preto\u017ee m\u00f4\u017eeme, preto\u017ee sme slobodn\u00ed. A&nbsp;to, \u010do m\u00f4\u017eeme, je vyu\u017e\u00edva\u0165 prostriedky, ktor\u00e9 vyu\u017e\u00edvali sv\u00e4t\u00ed.<\/p>\n<p><strong>Pridaj sa k&nbsp;n\u00e1m! Sta\u0148 sa sv\u00e4t\u00fdm! <\/strong>Chceme \u0164a podpori\u0165 v&nbsp;\u00fasil\u00ed o sv\u00e4tos\u0165. \u010clenstvo v&nbsp;klube Annecy ti pom\u00f4\u017ee r\u00e1s\u0165 k&nbsp;sv\u00e4tosti a&nbsp;dokonalosti. Mottom klubu Annecy je: \u201e<strong>Bu\u010fte sv\u00e4t\u00ed, lebo ja som sv\u00e4t\u00fd<\/strong>\u201c (<em>Sancti eritis quia ego sanctus sum<\/em>) (<em>1 Pt <\/em>1, 16). <strong>T\u00fato<\/strong> <strong>v\u00fdzvu sa Ti budeme sna\u017ei\u0165 pom\u00f4c\u0165 naplni\u0165.<\/strong> Vykro\u010d s nami na cestu sv\u00e4tosti. Sta\u0148 sa \u010dlenom klubu Annecy a investuj do seba a svojho duchovn\u00e9ho rastu.<\/p>\n<p>Najprv mus\u00edm zmeni\u0165 seba, aby som zmenil svet. Najprv mus\u00edm ma\u0165 pokoj, rados\u0165 a l\u00e1sku vo vlastnom srdci, aby som ich vedel rozd\u00e1va\u0165. Zmena k lep\u0161iemu prich\u00e1dza len skrze sv\u00e4t\u00fdch. Sprav s nami zmenu k lep\u0161iemu. Zme\u0148 seba a tak aj ostatn\u00fdch.<\/p>\n<h3>Teraz je \u010das!<\/h3>\n<p><strong><img loading=\"lazy\" decoding=\"async\" class=\"alignleft size-medium wp-image-1144\" src=\"http:\/\/www.desales.sk\/wp-content\/uploads\/2016\/12\/072-Hodinky-02-Medium-Quality-300x169.jpg\" alt=\"\" width=\"300\" height=\"169\" srcset=\"http:\/\/www.desales.sk\/wp-content\/uploads\/2016\/12\/072-Hodinky-02-Medium-Quality-300x169.jpg 300w, http:\/\/www.desales.sk\/wp-content\/uploads\/2016\/12\/072-Hodinky-02-Medium-Quality-768x432.jpg 768w, http:\/\/www.desales.sk\/wp-content\/uploads\/2016\/12\/072-Hodinky-02-Medium-Quality-1024x576.jpg 1024w, http:\/\/www.desales.sk\/wp-content\/uploads\/2016\/12\/072-Hodinky-02-Medium-Quality.jpg 1600w\" sizes=\"auto, (max-width: 300px) 100vw, 300px\" \/>Necho\u010f s davom, cho\u010f s Kristom, sta\u0148 sa sv\u00e4t\u00fdm! <\/strong>Zme\u0148 seba a zmen\u00ed\u0161 svet. Nevie\u0161, \u017ee trocha kvasu prekvas\u00ed cel\u00e9 cesto? Sta\u0148 sa kvasom! <strong>Teraz je \u010das za\u010da\u0165. <\/strong>Nep\u00fdtaj sa \u010do m\u00f4\u017ee Kristus, \u010di jeho Cirkev urobi\u0165 pre teba, p\u00fdtaj sa \u010do m\u00f4\u017ee\u0161 ty urobi\u0165 pre Krista a jeho Cirkev. Vykro\u010d s nami na cestu sv\u00e4tosti, sta\u0148 sa \u010dlenom klubu Annecy, <strong>Bu\u010f sv\u00e4t\u00fd, lebo on je sv\u00e4t\u00fd <\/strong>(porov. <em>1 Pt <\/em>1, 16) a pom\u00f4\u017e n\u00e1m <strong>Obnovi\u0165 v\u0161etko v Kristovi skrze M\u00e1riu.<\/strong><\/p>\n<p>&nbsp;<\/p>\n<p><a class=\"center\" href=\"http:\/\/www.desales.sk\/?page_id=432&amp;lang=sk\"><input title=\"Chcem sa sta\u0165 \u010dlenom klubu Annecy\" type=\"button\" value=\"Chcem sa sta\u0165 \u010dlenom klubu Annecy\"><\/a><\/p>\n<h3>V\u00fdhody \u010dlenstva v klube Annecy<\/h3>\n<p>V\u0161etky v\u00fdhody, ktor\u00e9 Ti vieme pon\u00faknu\u0165 za podporu a&nbsp;pomoc v&nbsp;nap\u013a\u0148an\u00ed na\u0161ej v\u00edzie a&nbsp;misie, za pomoc pri \u0161\u00edren\u00ed \u00facty <strong>k&nbsp;Bo\u017esk\u00e9mu Srdcu skrze Srdce Sedembolestnej,<\/strong> s\u00fa len chabou n\u00e1hradou. <strong>O skuto\u010dn\u00e9 ocenenie<\/strong> Tvojej pomoci <strong>budeme prosi\u0165 n\u00e1\u0161ho P\u00e1na v&nbsp;modlitbe.<\/strong> Ten vie da\u0165 nekone\u010dne viac.<\/p>\n<p><strong><img loading=\"lazy\" decoding=\"async\" class=\"alignleft size-medium wp-image-1145\" src=\"http:\/\/www.desales.sk\/wp-content\/uploads\/2016\/12\/073-Knihy-zo-svieckou-02-Medium-Quality-300x200.jpg\" alt=\"\" width=\"300\" height=\"200\" srcset=\"http:\/\/www.desales.sk\/wp-content\/uploads\/2016\/12\/073-Knihy-zo-svieckou-02-Medium-Quality-300x200.jpg 300w, http:\/\/www.desales.sk\/wp-content\/uploads\/2016\/12\/073-Knihy-zo-svieckou-02-Medium-Quality.jpg 612w\" sizes=\"auto, (max-width: 300px) 100vw, 300px\" \/>V\u00fdhody, \u010dlenstva sa daj\u00fa rozdeli\u0165 do kateg\u00f3ri\u00ed:<\/strong><\/p>\n<ul>\n<li>Duchovn\u00e9<\/li>\n<li>Materi\u00e1lne<\/li>\n<li>Spolo\u010densk\u00e9<\/li>\n<\/ul>\n<p><strong>Najv\u00e4\u010d\u0161ou odmenou<\/strong> pre ka\u017ed\u00e9ho podporovate\u013ea a&nbsp;\u010dlena klubu Annecy bude<strong> t\u00e1 duchovn\u00e1.<\/strong> N\u00e1\u0161 <strong>P\u00e1n ur\u010dite ve\u013emi ocen\u00ed Tvoju pomoc<\/strong> pri \u0161\u00edren\u00ed \u00facty k&nbsp;jeho Bo\u017esk\u00e9mu Srdcu, Srdcu jeho Matky, pomoc pri \u0161\u00edren\u00ed modlitby posv\u00e4tn\u00e9ho ru\u017eenca, a&nbsp;t\u00fdm Tvojej odpovede na v\u00fdzvu Panny M\u00e1rie z&nbsp;Fatimy k \u0161\u00edreniu <strong>tak urgentnej spr\u00e1vy pre na\u0161u dobu. <\/strong>T\u00fa chceme prostredn\u00edctvom knihy Triumf Srdca spr\u00edstupni\u0165 <strong>\u010do najviac veriacim a&nbsp;dobrosrde\u010dn\u00fdm \u013eu\u010fom <\/strong>h\u013eadaj\u00facim pravdu. Viac o&nbsp;knihe Triumf Srdca <a href=\"http:\/\/www.triumfsrdca.sk\/\">tu<\/a>.<\/p>\n<p><strong>D\u00fafame, \u017ee v Tebe z\u00edskame spojenca<\/strong> pri \u0161\u00edren\u00ed posolstva na\u0161ej Matky Panny M\u00e1rie. Podporou tohto projektu zasahuje\u0161 \u013eudsk\u00e9 srdcia a pom\u00e1ha\u0161 im tak zjednoti\u0165 sa s Bo\u017esk\u00fdm Srdcom, a tak ich spravi\u0165 lep\u0161\u00edmi.<\/p>\n<h4>Duchovn\u00e1 podpora<\/h4>\n<p><strong><img loading=\"lazy\" decoding=\"async\" class=\"alignleft size-medium wp-image-1146\" src=\"http:\/\/www.desales.sk\/wp-content\/uploads\/2016\/12\/074-Burke-omsa-02-Medium-Quality-300x200.jpg\" alt=\"\" width=\"300\" height=\"200\" srcset=\"http:\/\/www.desales.sk\/wp-content\/uploads\/2016\/12\/074-Burke-omsa-02-Medium-Quality-300x200.jpg 300w, http:\/\/www.desales.sk\/wp-content\/uploads\/2016\/12\/074-Burke-omsa-02-Medium-Quality-768x512.jpg 768w, http:\/\/www.desales.sk\/wp-content\/uploads\/2016\/12\/074-Burke-omsa-02-Medium-Quality-1024x682.jpg 1024w, http:\/\/www.desales.sk\/wp-content\/uploads\/2016\/12\/074-Burke-omsa-02-Medium-Quality.jpg 1600w\" sizes=\"auto, (max-width: 300px) 100vw, 300px\" \/>Za \u010dlenov<\/strong> klubu Annecy je <strong>ka\u017ed\u00fa prv\u00fa sobotu<\/strong> v&nbsp;mesiaci obetovan\u00e1:<\/p>\n<ul>\n<li>sv\u00e4t\u00e1 <strong>om\u0161a<\/strong><\/li>\n<li><strong>modlitba<\/strong> posv\u00e4tn\u00e9ho <strong>ru\u017eenca<\/strong><\/li>\n<\/ul>\n<p><strong><img loading=\"lazy\" decoding=\"async\" class=\"alignright wp-image-1147 size-thumbnail\" src=\"http:\/\/www.desales.sk\/wp-content\/uploads\/2016\/12\/075-Ruzenec-v-ruke-02-Medium-Quality-150x150.jpg\" alt=\"\" width=\"150\" height=\"150\">\u010ealej bud\u00fa za \u010dlenov<\/strong> klubu Annecy a&nbsp;ich duchovn\u00fd rast <strong>obetovan\u00e9 na\u0161e ka\u017edodenn\u00e9 modlitby<\/strong>, osobn\u00e9 ka\u017edodenn\u00e9 kr\u00ed\u017ee, drobn\u00e9 obety a&nbsp;odriekania si. Ver\u00edme, \u017ee n\u00e1\u0161 P\u00e1n ich prijme a&nbsp;pou\u017eije na nie\u010do ve\u013ek\u00e9.<\/p>\n<p>Ver\u00edme toti\u017e, \u017ee tieto obety maj\u00fa ve\u013ek\u00fd zmysel a&nbsp;\u010dlovek ich m\u00f4\u017ee \u013eahko <strong>premeni\u0165 na nie\u010do ve\u013ek\u00e9,<\/strong> ak ich s l\u00e1skou prijme a obetuje na spr\u00e1vny \u00famysel. Pri\u010dom nejde ani tak o&nbsp;ve\u013ekos\u0165 kr\u00ed\u017ea, ako <strong>o&nbsp;ve\u013ekos\u0165 l\u00e1sky<\/strong>, s&nbsp;ktorou \u010dlovek svoj kr\u00ed\u017e prij\u00edma. \u017divot \u010dloveka nebude \u013eah\u0161\u00ed, no <strong>jeho ka\u017edodenn\u00e9 utrpenie mu d\u00e1 zmysel.<\/strong><\/p>\n<h4>Materi\u00e1ly na duchovn\u00fd rast<\/h4>\n<p><img loading=\"lazy\" decoding=\"async\" class=\"alignright wp-image-1150 size-thumbnail\" src=\"http:\/\/www.desales.sk\/wp-content\/uploads\/2016\/12\/078-Medaila-02-Medium-Quality-150x150.jpg\" alt=\"\" width=\"150\" height=\"150\" srcset=\"http:\/\/www.desales.sk\/wp-content\/uploads\/2016\/12\/078-Medaila-02-Medium-Quality-150x150.jpg 150w, http:\/\/www.desales.sk\/wp-content\/uploads\/2016\/12\/078-Medaila-02-Medium-Quality-300x300.jpg 300w, http:\/\/www.desales.sk\/wp-content\/uploads\/2016\/12\/078-Medaila-02-Medium-Quality-768x768.jpg 768w, http:\/\/www.desales.sk\/wp-content\/uploads\/2016\/12\/078-Medaila-02-Medium-Quality-1024x1024.jpg 1024w, http:\/\/www.desales.sk\/wp-content\/uploads\/2016\/12\/078-Medaila-02-Medium-Quality.jpg 1500w\" sizes=\"auto, (max-width: 150px) 100vw, 150px\" \/><\/p>\n<p><img loading=\"lazy\" decoding=\"async\" class=\"alignright wp-image-1149 size-thumbnail\" src=\"http:\/\/www.desales.sk\/wp-content\/uploads\/2016\/12\/077-Dve-srdcia-02-Medium-Quality-150x150.jpg\" alt=\"\" width=\"150\" height=\"150\"><\/p>\n<p><img loading=\"lazy\" decoding=\"async\" class=\"alignright wp-image-1148 size-thumbnail\" src=\"http:\/\/www.desales.sk\/wp-content\/uploads\/2016\/12\/076-Otvorena-kniha-02-Meduim-Quality-150x150.jpg\" alt=\"\" width=\"150\" height=\"150\"><\/p>\n<p>Ka\u017ed\u00fd \u010dlen klubu Annecy od n\u00e1s obdr\u017e\u00ed:<\/p>\n<ul>\n<li>uv\u00edtac\u00ed bal\u00ed\u010dek (<em>bez oh\u013eadu na v\u00fd\u0161ku mesa\u010dn\u00e9ho pr\u00edspevku<\/em>):\n<ul>\n<li style=\"list-style-type: none;\">\n<ul>\n<li>kniha od n\u00e1\u0161ho patr\u00f3na sv. Franti\u0161ka Salesk\u00e9ho<em> \u00davod do n\u00e1bo\u017en\u00e9ho \u017eivota <\/em>(<em>1607<\/em>) (<em>pripravujeme nov\u00fa ilustrovan\u00fa verziu, hne\u010f ako bude hotov\u00e1, po\u0161leme v\u00e1m ju<\/em>),<\/li>\n<li>ve\u013ek\u00fd obraz Najsv\u00e4tej\u0161ieho Srdca Je\u017ei\u0161ovho a&nbsp;Nepo\u0161kvrnen\u00e9ho Srdca Panny M\u00e1rie so zasv\u00e4cuj\u00facou sa modlitbou k t\u00fdmto Srdciam,<\/li>\n<\/ul>\n<\/li>\n<\/ul>\n<ul>\n<li>kr\u00e1sny posv\u00e4ten\u00fd Mari\u00e1nsky medail\u00f3n v&nbsp;elegantnej krabi\u010dke,<\/li>\n<li>sv\u00e4t\u00e9 obr\u00e1zky so streln\u00fdmi aj&nbsp;dlh\u0161\u00edmi modlitbami,<\/li>\n<li>\u010dlensk\u00fd preukaz.<\/li>\n<\/ul>\n<\/li>\n<li><img loading=\"lazy\" decoding=\"async\" class=\"wp-image-1151 size-thumbnail alignright\" src=\"http:\/\/www.desales.sk\/wp-content\/uploads\/2016\/12\/079-List-02-Medium-Quality-150x150.jpg\" alt=\"\" width=\"150\" height=\"150\">pravidelne (<em>vzh\u013eadom na v\u00fd\u0161ku mesa\u010dn\u00e9ho pr\u00edspevku<\/em>):\n<ul>\n<li>list od duchovn\u00e9ho otca,<\/li>\n<li>materi\u00e1ly na rozj\u00edmanie,<\/li>\n<li>kvalitn\u00fa duchovn\u00fa literat\u00faru,<\/li>\n<li>sv\u00e4t\u00e9 obr\u00e1zky so streln\u00fdmi aj&nbsp;dlh\u0161\u00edmi modlitbami,<\/li>\n<li>in\u00e9 materi\u00e1ly potrebn\u00e9 k&nbsp;duchovn\u00e9mu rastu.<\/li>\n<\/ul>\n<\/li>\n<\/ul>\n<p><strong>Minim\u00e1lny milodar, v\u010faka ktor\u00e9mu budeme vedie\u0165 posiela\u0165 materi\u00e1ly, je 5 eur<\/strong>. Od v\u00fd\u0161ky Tvojho milodaru bude z\u00e1le\u017ea\u0165 aj na\u0161a schopnos\u0165 posiela\u0165 Ti \u010do najviac kvalitn\u00fdch materi\u00e1lov a&nbsp;literat\u00fary na Tvoj duchovn\u00fd rast i duchovn\u00fd rast Tvojich bl\u00edzkych.<\/p>\n<p><img loading=\"lazy\" decoding=\"async\" class=\"size-medium wp-image-1137 alignright\" src=\"http:\/\/www.desales.sk\/wp-content\/uploads\/2016\/12\/080-Burke-konferencia-02-Medium-Quality-300x186.jpg\" alt=\"\" width=\"300\" height=\"186\" srcset=\"http:\/\/www.desales.sk\/wp-content\/uploads\/2016\/12\/080-Burke-konferencia-02-Medium-Quality-300x186.jpg 300w, http:\/\/www.desales.sk\/wp-content\/uploads\/2016\/12\/080-Burke-konferencia-02-Medium-Quality.jpg 698w\" sizes=\"auto, (max-width: 300px) 100vw, 300px\" \/>V\u0161etci \u010dlenovia klubu Annecy \u010falej dostan\u00fa pozvanie na v\u0161etky verejn\u00e9 podujatia organizovan\u00e9 In\u0161tit\u00fatom sv\u00e4t\u00e9ho Franti\u0161ka Salesk\u00e9ho:<\/p>\n<ul>\n<li>konferencie<\/li>\n<li>semin\u00e1re<\/li>\n<li>predn\u00e1\u0161ky<\/li>\n<li>v\u00fdstavy<\/li>\n<li>reprezenta\u010dn\u00e9 plesy<\/li>\n<li>diskusn\u00e9 stretnutia<\/li>\n<li>vzdel\u00e1vacie programy<\/li>\n<li>kurzy a&nbsp;\u0161kolenia<\/li>\n<li>duchovn\u00e9 a&nbsp;forma\u010dn\u00e9 stretnutia<\/li>\n<li>duchovn\u00e9 cvi\u010denia a&nbsp;obnovy<\/li>\n<li>z\u00e1ujmov\u00e9, umeleck\u00e9 a&nbsp;\u0161portov\u00e9 podujatia<\/li>\n<li>in\u00e9.<\/li>\n<\/ul>\n<p><strong>Hlavn\u00fdm \u00fa\u010delom Tvojho milodaru<\/strong> je podpora uskuto\u010d\u0148ovania <a href=\"http:\/\/www.desales.sk\/?page_id=26&amp;lang=sk\">v\u00edzie<\/a> a&nbsp;<a href=\"http:\/\/www.desales.sk\/?page_id=28&amp;lang=sk\">misie<\/a> n\u00e1\u0161ho In\u0161tit\u00fatu sv. Franti\u0161ka Salesk\u00e9ho. <strong>Tvojou, ako aj na\u0161ou odmenou bude tie\u017e zmena, ktor\u00fa <\/strong>v\u010faka Tebe, Tvojim modlitb\u00e1m a&nbsp;milodarom a v\u010faka \u0161\u00edreniu hlavne modlitby posv\u00e4tn\u00e9ho ru\u017eenca na na\u0161om Slovensku dosiahneme.<strong> Obr\u00e1\u0165me Slovensko spolo\u010dn\u00fdmi silami sp\u00e4\u0165 ku Kristovi skrze Sedembolestn\u00fa.<\/strong><\/p>\n<p><a class=\"center\" href=\"http:\/\/www.desales.sk\/?page_id=432&amp;lang=sk\"><input title=\"Chcem sa sta\u0165 \u010dlenom klubu Annecy\" type=\"button\" value=\"Chcem sa sta\u0165 \u010dlenom klubu Annecy\"><\/a><\/p>\n<p>Ak m\u00e1te nejak\u00e9 ot\u00e1zky ku klubu Annecy, nev\u00e1hajte n\u00e1s kontaktova\u0165 na emailovej adrese <strong>annecy<img loading=\"lazy\" decoding=\"async\" class=\"wp-image-253 alignnone atsign\" src=\"http:\/\/www.desales.sk\/wp-content\/uploads\/2016\/09\/At_sign.svg_-300x300.png\" alt=\"\" width=\"13\" height=\"13\" srcset=\"http:\/\/www.desales.sk\/wp-content\/uploads\/2016\/09\/At_sign.svg_-300x300.png 300w, http:\/\/www.desales.sk\/wp-content\/uploads\/2016\/09\/At_sign.svg_-150x150.png 150w, http:\/\/www.desales.sk\/wp-content\/uploads\/2016\/09\/At_sign.svg_-768x768.png 768w, http:\/\/www.desales.sk\/wp-content\/uploads\/2016\/09\/At_sign.svg_-1024x1024.png 1024w, http:\/\/www.desales.sk\/wp-content\/uploads\/2016\/09\/At_sign.svg_.png 2000w\" sizes=\"auto, (max-width: 13px) 100vw, 13px\" \/>desales.sk<\/strong>.<\/p>\n","protected":false},"excerpt":{"rendered":"<p>Klub Annecy (\u010d\u00edtaj ansi) je klub priate\u013eov a&nbsp;podporovate\u013eov In\u0161tit\u00fatu sv\u00e4t\u00e9ho Franti\u0161ka Salesk\u00e9ho, ktor\u00ed formou pravideln\u00fdch milodarov podporuj\u00fa jeho \u010dinnos\u0165, aktivity, misiu a&nbsp;apo\u0161tol\u00e1t, a&nbsp;tak mu pom\u00e1haj\u00fa nap\u013a\u0148a\u0165 jeho v\u00edziu. Z\u00e1rove\u0148&nbsp;t\u00fdm v\u0161ak podporuj\u00fa vlastn\u00fd duchovn\u00fd rast, rast k&nbsp;osobnej sv\u00e4tosti a dokonalosti. Pridaj sa k&nbsp;n\u00e1m! Podpor n\u00e1s a sta\u0148 sa sv\u00e4t\u00fdm! Sta\u0148 sa \u010dlenom klubu Annecy. Bo\u017eia milos\u0165&hellip; <\/p>\n","protected":false},"author":1,"featured_media":935,"parent":0,"menu_order":0,"comment_status":"closed","ping_status":"closed","template":"","meta":{"footnotes":""},"class_list":["post-192","page","type-page","status-publish","has-post-thumbnail","hentry"],"_links":{"self":[{"href":"http:\/\/www.desales.sk\/index.php?rest_route=\/wp\/v2\/pages\/192","targetHints":{"allow":["GET"]}}],"collection":[{"href":"http:\/\/www.desales.sk\/index.php?rest_route=\/wp\/v2\/pages"}],"about":[{"href":"http:\/\/www.desales.sk\/index.php?rest_route=\/wp\/v2\/types\/page"}],"author":[{"embeddable":true,"href":"http:\/\/www.desales.sk\/index.php?rest_route=\/wp\/v2\/users\/1"}],"replies":[{"embeddable":true,"href":"http:\/\/www.desales.sk\/index.php?rest_route=%2Fwp%2Fv2%2Fcomments&post=192"}],"version-history":[{"count":0,"href":"http:\/\/www.desales.sk\/index.php?rest_route=\/wp\/v2\/pages\/192\/revisions"}],"wp:featuredmedia":[{"embeddable":true,"href":"http:\/\/www.desales.sk\/index.php?rest_route=\/wp\/v2\/media\/935"}],"wp:attachment":[{"href":"http:\/\/www.desales.sk\/index.php?rest_route=%2Fwp%2Fv2%2Fmedia&parent=192"}],"curies":[{"name":"wp","href":"https:\/\/api.w.org\/{rel}","templated":true}]}}