{"id":240,"date":"2017-02-14T19:54:19","date_gmt":"2017-02-14T18:54:19","guid":{"rendered":"http:\/\/www.desales.sk\/?page_id=240"},"modified":"2017-10-01T23:49:45","modified_gmt":"2017-10-01T21:49:45","slug":"modlitba-zasvatenia","status":"publish","type":"page","link":"http:\/\/www.desales.sk\/?page_id=240","title":{"rendered":"Modlitba zasv\u00e4tenia"},"content":{"rendered":"<p>Dobrotiv\u00fd Je\u017ei\u0161u, P\u00e1n, Vykupite\u013e a Boh m\u00f4j!<\/p>\n<p><img loading=\"lazy\" decoding=\"async\" class=\"alignright wp-image-746\" src=\"http:\/\/www.desales.sk\/wp-content\/uploads\/2017\/02\/twoHeards-188x300.jpg\" alt=\"\" width=\"257\" height=\"410\" srcset=\"http:\/\/www.desales.sk\/wp-content\/uploads\/2017\/02\/twoHeards-188x300.jpg 188w, http:\/\/www.desales.sk\/wp-content\/uploads\/2017\/02\/twoHeards-768x1225.jpg 768w, http:\/\/www.desales.sk\/wp-content\/uploads\/2017\/02\/twoHeards-642x1024.jpg 642w, http:\/\/www.desales.sk\/wp-content\/uploads\/2017\/02\/twoHeards.jpg 1003w\" sizes=\"auto, (max-width: 257px) 100vw, 257px\" \/><\/p>\n<p>H\u013ea, k\u013ea\u010diac pred tvojou velebnos\u0165ou, obetujeme, posv\u00e4cujeme a zasv\u00e4cujeme tento web, ako aj v\u0161etky na\u0161e diela a aktivity tvojej sl\u00e1ve, tvojmu Najsv\u00e4tej\u0161iemu Srdcu a Nepo\u0161kvrnen\u00e9mu Srdcu tvojej Matky Panny M\u00e1rie. Pane, pou\u017ei n\u00e1s a na\u0161e \u00fasilie na z\u00e1chranu du\u0161\u00ed. O\u017eiv ka\u017ed\u00e9 slovo tejto st\u00e1nky a ka\u017ed\u00e9 na\u0161e dielo svoj\u00edm po\u017eehnan\u00edm, aby du\u0161e, pre ktor\u00e9 s\u00fa ur\u010den\u00e9, dostali sv\u00e4t\u00e9 vnuknutia, ktor\u00e9 im zo srdca \u017ei\u010d\u00edme. Nech sa potom i za n\u00e1s prihov\u00e1raj\u00fa, aby sme dosiahli tvoje nesmierne milosrdenstvo a neboli naveky zatraten\u00ed, zatia\u013e \u010do in\u00fdm na tomto svete ukazujeme cestu n\u00e1bo\u017enosti. Daj, nech s nimi vo ve\u010dnosti prespevujeme v\u00ed\u0165azn\u00fa piese\u0148 slovami, ktor\u00e9 v hurhaji tohto smrte\u013en\u00e9ho \u017eivota vyslovujeme z h\u013abky srdca na znak vernosti: Nech \u017eije Je\u017ei\u0161! Nech \u017eije Je\u017ei\u0161! \u00c1no, Pane Je\u017ei\u0161u, \u017ei a kra\u013euj v na\u0161ich srdciach i v srdciach v\u0161etk\u00fdch \u013eud\u00ed na veky vekov. Amen.<\/p>\n<p>Najsv\u00e4tej\u0161ie Srdce Je\u017ei\u0161ovo, zmiluj sa nad nami.<\/p>\n<p>Nepo\u0161kvrnen\u00e9 Srdce Panny M\u00e1rie, oroduj za n\u00e1s.<\/p>\n<p>Sv\u00e4t\u00fd Franti\u0161ek Salesk\u00fd, oroduj za n\u00e1s.<\/p>\n<p style=\"text-align: justify;\"><strong><em>Imprimatur:<\/em><\/strong><em> Mons. Stanislaus Zvolensk\u00fd, Archiepiscopus Metropolita Bratislaviensis, Bratislavae, die 27 Februarii 2017, Prot. N. 669\/2017. Modlitba je in\u0161pirovan\u00e1 modlitbou sv. Franti\u0161ka Salesk\u00e9ho.<\/em><\/p>\n","protected":false},"excerpt":{"rendered":"<p>Dobrotiv\u00fd Je\u017ei\u0161u, P\u00e1n, Vykupite\u013e a Boh m\u00f4j! H\u013ea, k\u013ea\u010diac pred tvojou velebnos\u0165ou, obetujeme, posv\u00e4cujeme a zasv\u00e4cujeme tento web, ako aj v\u0161etky na\u0161e diela a aktivity tvojej sl\u00e1ve, tvojmu Najsv\u00e4tej\u0161iemu Srdcu a Nepo\u0161kvrnen\u00e9mu Srdcu tvojej Matky Panny M\u00e1rie. Pane, pou\u017ei n\u00e1s a na\u0161e \u00fasilie na z\u00e1chranu du\u0161\u00ed. O\u017eiv ka\u017ed\u00e9 slovo tejto st\u00e1nky a ka\u017ed\u00e9 na\u0161e dielo&hellip; <\/p>\n","protected":false},"author":1,"featured_media":0,"parent":0,"menu_order":0,"comment_status":"closed","ping_status":"closed","template":"","meta":{"footnotes":""},"class_list":["post-240","page","type-page","status-publish","hentry"],"_links":{"self":[{"href":"http:\/\/www.desales.sk\/index.php?rest_route=\/wp\/v2\/pages\/240","targetHints":{"allow":["GET"]}}],"collection":[{"href":"http:\/\/www.desales.sk\/index.php?rest_route=\/wp\/v2\/pages"}],"about":[{"href":"http:\/\/www.desales.sk\/index.php?rest_route=\/wp\/v2\/types\/page"}],"author":[{"embeddable":true,"href":"http:\/\/www.desales.sk\/index.php?rest_route=\/wp\/v2\/users\/1"}],"replies":[{"embeddable":true,"href":"http:\/\/www.desales.sk\/index.php?rest_route=%2Fwp%2Fv2%2Fcomments&post=240"}],"version-history":[{"count":0,"href":"http:\/\/www.desales.sk\/index.php?rest_route=\/wp\/v2\/pages\/240\/revisions"}],"wp:attachment":[{"href":"http:\/\/www.desales.sk\/index.php?rest_route=%2Fwp%2Fv2%2Fmedia&parent=240"}],"curies":[{"name":"wp","href":"https:\/\/api.w.org\/{rel}","templated":true}]}}