{"id":26,"date":"2016-09-11T00:04:39","date_gmt":"2016-09-10T22:04:39","guid":{"rendered":"http:\/\/www.desales.sk\/?page_id=26"},"modified":"2017-10-01T23:49:46","modified_gmt":"2017-10-01T21:49:46","slug":"vizia","status":"publish","type":"page","link":"http:\/\/www.desales.sk\/?page_id=26","title":{"rendered":"Na\u0161a v\u00edzia"},"content":{"rendered":"<p><img loading=\"lazy\" decoding=\"async\" class=\"alignleft size-medium wp-image-1054\" src=\"http:\/\/www.desales.sk\/wp-content\/uploads\/2016\/09\/011-Nasa-vizia-02-Medium-Quality-300x261.jpg\" alt=\"\" width=\"300\" height=\"261\" srcset=\"http:\/\/www.desales.sk\/wp-content\/uploads\/2016\/09\/011-Nasa-vizia-02-Medium-Quality-300x261.jpg 300w, http:\/\/www.desales.sk\/wp-content\/uploads\/2016\/09\/011-Nasa-vizia-02-Medium-Quality-768x668.jpg 768w, http:\/\/www.desales.sk\/wp-content\/uploads\/2016\/09\/011-Nasa-vizia-02-Medium-Quality.jpg 937w\" sizes=\"auto, (max-width: 300px) 100vw, 300px\" \/>Na\u0161ou v\u00edziou je <strong>spolo\u010dnos\u0165, ktor\u00e1 je plne eucharistick\u00e1.<\/strong> Kres\u0165an, ktor\u00fd sa stane eucharistick\u00fdm, net\u00fa\u017ei po ni\u010dom inom, len po tom, po \u010dom t\u00fa\u017ei s\u00e1m Je\u017ei\u0161. <strong>Preto sa sna\u017e\u00edme napom\u00f4c\u0165 to, aby sa Eucharistia stala z\u00e1kladom a centrom \u017eivota ka\u017ed\u00e9ho katol\u00edka.<\/strong> <strong>Kde je Boh na prvom mieste, tam je v\u0161etko na svojom mieste. <\/strong>Ako v\u00a0spolo\u010dnosti, tak aj pri rodinnom stole.<\/p>\n","protected":false},"excerpt":{"rendered":"<p>Na\u0161ou v\u00edziou je spolo\u010dnos\u0165, ktor\u00e1 je plne eucharistick\u00e1. Kres\u0165an, ktor\u00fd sa stane eucharistick\u00fdm, net\u00fa\u017ei po ni\u010dom inom, len po tom, po \u010dom t\u00fa\u017ei s\u00e1m Je\u017ei\u0161. Preto sa sna\u017e\u00edme napom\u00f4c\u0165 to, aby sa Eucharistia stala z\u00e1kladom a centrom \u017eivota ka\u017ed\u00e9ho katol\u00edka. Kde je Boh na prvom mieste, tam je v\u0161etko na svojom mieste. Ako v\u00a0spolo\u010dnosti, tak&hellip; <\/p>\n","protected":false},"author":1,"featured_media":0,"parent":0,"menu_order":0,"comment_status":"closed","ping_status":"open","template":"","meta":{"footnotes":""},"class_list":["post-26","page","type-page","status-publish","hentry"],"_links":{"self":[{"href":"http:\/\/www.desales.sk\/index.php?rest_route=\/wp\/v2\/pages\/26","targetHints":{"allow":["GET"]}}],"collection":[{"href":"http:\/\/www.desales.sk\/index.php?rest_route=\/wp\/v2\/pages"}],"about":[{"href":"http:\/\/www.desales.sk\/index.php?rest_route=\/wp\/v2\/types\/page"}],"author":[{"embeddable":true,"href":"http:\/\/www.desales.sk\/index.php?rest_route=\/wp\/v2\/users\/1"}],"replies":[{"embeddable":true,"href":"http:\/\/www.desales.sk\/index.php?rest_route=%2Fwp%2Fv2%2Fcomments&post=26"}],"version-history":[{"count":0,"href":"http:\/\/www.desales.sk\/index.php?rest_route=\/wp\/v2\/pages\/26\/revisions"}],"wp:attachment":[{"href":"http:\/\/www.desales.sk\/index.php?rest_route=%2Fwp%2Fv2%2Fmedia&parent=26"}],"curies":[{"name":"wp","href":"https:\/\/api.w.org\/{rel}","templated":true}]}}