{"id":28,"date":"2016-09-11T00:04:52","date_gmt":"2016-09-10T22:04:52","guid":{"rendered":"http:\/\/www.desales.sk\/?page_id=28"},"modified":"2017-10-14T16:15:20","modified_gmt":"2017-10-14T14:15:20","slug":"misia","status":"publish","type":"page","link":"http:\/\/www.desales.sk\/?page_id=28","title":{"rendered":"Na\u0161a misia"},"content":{"rendered":"<p><img loading=\"lazy\" decoding=\"async\" class=\"size-medium wp-image-1060 alignleft\" src=\"http:\/\/www.desales.sk\/wp-content\/uploads\/2016\/09\/012-Nasa-misia-02-Medium-Quality-300x183.jpg\" alt=\"\" width=\"300\" height=\"183\" srcset=\"http:\/\/www.desales.sk\/wp-content\/uploads\/2016\/09\/012-Nasa-misia-02-Medium-Quality-300x183.jpg 300w, http:\/\/www.desales.sk\/wp-content\/uploads\/2016\/09\/012-Nasa-misia-02-Medium-Quality-768x468.jpg 768w, http:\/\/www.desales.sk\/wp-content\/uploads\/2016\/09\/012-Nasa-misia-02-Medium-Quality-1024x624.jpg 1024w\" sizes=\"auto, (max-width: 300px) 100vw, 300px\" \/>Na\u0161ou misiou, ako aj hlavn\u00fdm cie\u013eom je <strong>\u0161\u00edri\u0165 \u00factu k Najsv\u00e4tej\u0161iemu Srdcu Je\u017ei\u0161ovmu skrze Nepo\u0161kvrnen\u00e9 Srdce Panny M\u00e1rie<\/strong>, ako konkr\u00e9tny duchovn\u00fd prostriedok \u00facty k osobe Je\u017ei\u0161a Krista ukryt\u00e9ho v\u00a0Eucharistii. Na\u0161\u00edm cie\u013eom a mottom je teda <strong>Obnovi\u0165 v\u0161etko v\u00a0Kristovi skrze M\u00e1riu <\/strong>(<em>Instaurare omnia in Christo per Mariam<\/em>).<\/p>\n<p><strong><img loading=\"lazy\" decoding=\"async\" class=\"alignright wp-image-1061 size-medium\" src=\"http:\/\/www.desales.sk\/wp-content\/uploads\/2016\/09\/013-Fatima-02-Medium-Quality-e1506879639672-200x300.jpg\" alt=\"\" width=\"200\" height=\"300\" srcset=\"http:\/\/www.desales.sk\/wp-content\/uploads\/2016\/09\/013-Fatima-02-Medium-Quality-e1506879639672-200x300.jpg 200w, http:\/\/www.desales.sk\/wp-content\/uploads\/2016\/09\/013-Fatima-02-Medium-Quality-e1506879639672.jpg 511w\" sizes=\"auto, (max-width: 200px) 100vw, 200px\" \/>Sna\u017e\u00edme sa o zmenu<\/strong>, tak potrebn\u00fa pre na\u0161e Slovensko. Vieme v\u0161ak, \u017ee zmena nepr\u00edde len skrze \u013eudsk\u00e9 \u00fasilie. To, \u010do je ve\u013emi d\u00f4le\u017eit\u00e9 a\u00a0nevyhnutn\u00e9, je <strong>Bo\u017eia milos\u0165<\/strong> a t\u00e1<strong> prich\u00e1dza rukami Panny M\u00e1rie.<\/strong><\/p>\n<p><strong>Nechceme Slovensko ve\u013ek\u00e9, chceme ho sv\u00e4t\u00e9. <\/strong>No Slovensko sa m\u00f4\u017ee sta\u0165 skuto\u010dne ve\u013ek\u00fdm len vtedy, ke\u010f bude sv\u00e4t\u00fdm. Ver\u00edme teda, \u017ee sk\u00f4r modlitbou a\u00a0osobnou obetou, ako aktivizmom si vypros\u00edme <strong>Bo\u017eiu milos\u0165, tak\u00fa potrebn\u00fa pre na\u0161u vlas\u0165.<\/strong><\/p>\n<p><img loading=\"lazy\" decoding=\"async\" class=\"alignleft wp-image-1062 size-medium\" src=\"http:\/\/www.desales.sk\/wp-content\/uploads\/2016\/09\/014-Modliaci-sa-vojak-02-Medium-Quality-e1506715208850-240x300.jpg\" alt=\"\" width=\"240\" height=\"300\" srcset=\"http:\/\/www.desales.sk\/wp-content\/uploads\/2016\/09\/014-Modliaci-sa-vojak-02-Medium-Quality-e1506715208850-240x300.jpg 240w, http:\/\/www.desales.sk\/wp-content\/uploads\/2016\/09\/014-Modliaci-sa-vojak-02-Medium-Quality-e1506715208850-768x960.jpg 768w, http:\/\/www.desales.sk\/wp-content\/uploads\/2016\/09\/014-Modliaci-sa-vojak-02-Medium-Quality-e1506715208850-819x1024.jpg 819w, http:\/\/www.desales.sk\/wp-content\/uploads\/2016\/09\/014-Modliaci-sa-vojak-02-Medium-Quality-e1506715208850.jpg 1080w\" sizes=\"auto, (max-width: 240px) 100vw, 240px\" \/><\/p>\n<p>Chceme pozva\u0165 ka\u017ed\u00e9ho <strong>ku ka\u017edodennej modlitbe posv\u00e4tn\u00e9ho ru\u017eenca<\/strong> a \u0161\u00edri\u0165 t\u00fato jedine\u010dn\u00fa a\u00a0siln\u00fa modlitbu do ka\u017edej rodiny. Preto sa <strong>sna\u017e\u00edme \u010do najviac roz\u0161\u00edri\u0165<\/strong> teraz <strong>nesmierne aktu\u00e1lnu v\u00fdzvu Panny M\u00e1rie z\u00a0Fatimy<\/strong> knihou <strong>Triumf Srdca<\/strong>, ktor\u00e1 k\u00a0tejto ka\u017edodennej modlitbe ve\u013emi p\u00fatav\u00fdm sp\u00f4sobom poz\u00fdva.<\/p>\n<p>Panna M\u00e1ria n\u00e1s prich\u00e1dza varova\u0165 v\u00fdzvou na pok\u00e1nie, no prin\u00e1\u0161a aj slov\u00e1 n\u00e1deje:<strong> \u201eNakoniec zv\u00ed\u0165az\u00ed moje Nepo\u0161kvrnen\u00e9 Srdce\u201c <\/strong>a<strong> \u201eT\u00ed, ktor\u00ed mi bud\u00fa d\u00f4verova\u0165, bud\u00fa zachr\u00e1nen\u00ed.\u201c <\/strong>Je to n\u00e1dej pre v\u0161etk\u00fdch a je len na n\u00e1s, \u010di modlitbou ru\u017eenca stiahneme na seba, svojich bl\u00edzkych i\u00a0na\u0161u krajinu jej ochrann\u00fd pl\u00e1\u0161\u0165 a <strong>prid\u00e1me sa k triumfu jej Nepo\u0161kvrnen\u00e9ho Srdca. <\/strong>Knihu Triumf Srdca si m\u00f4\u017eete <strong>objedna\u0165 <a href=\"http:\/\/www.triumfsrdca.sk\/\">tu<\/a><\/strong>.<\/p>\n<p><img loading=\"lazy\" decoding=\"async\" class=\"size-medium wp-image-1063 alignright\" src=\"http:\/\/www.desales.sk\/wp-content\/uploads\/2016\/09\/015-Knihy-02-Medium-Quality-300x225.jpg\" alt=\"\" width=\"300\" height=\"225\" srcset=\"http:\/\/www.desales.sk\/wp-content\/uploads\/2016\/09\/015-Knihy-02-Medium-Quality-300x225.jpg 300w, http:\/\/www.desales.sk\/wp-content\/uploads\/2016\/09\/015-Knihy-02-Medium-Quality-768x576.jpg 768w, http:\/\/www.desales.sk\/wp-content\/uploads\/2016\/09\/015-Knihy-02-Medium-Quality-1024x768.jpg 1024w, http:\/\/www.desales.sk\/wp-content\/uploads\/2016\/09\/015-Knihy-02-Medium-Quality.jpg 1440w\" sizes=\"auto, (max-width: 300px) 100vw, 300px\" \/>Po vzore n\u00e1\u0161ho patr\u00f3na sv. Franti\u0161ka Salesk\u00e9ho, <strong>pl\u00e1nujeme \u0161\u00edri\u0165 kvalitn\u00fa literat\u00faru a\u00a0materi\u00e1ly <\/strong>vhodn\u00e9 na duchovn\u00fd rast, v\u00a0ktor\u00fdch sa \u010ditate\u013e dozvie z\u00e1kladn\u00e9 piliere katol\u00edckej n\u00e1bo\u017enosti, <strong>\u010do znamenaj\u00fa pre \u017eivot kres\u0165ana, a\u00a0\u010do by mal robi\u0165 a\u00a0\u010do zanecha\u0165 na v\u00e4\u010d\u0161iu Bo\u017eiu \u010des\u0165 a\u00a0sl\u00e1vu a\u00a0na spasenie svojej du\u0161e.<\/strong><\/p>\n<p><img loading=\"lazy\" decoding=\"async\" class=\"alignleft size-medium wp-image-1064\" src=\"http:\/\/www.desales.sk\/wp-content\/uploads\/2016\/09\/016-Klub-Annecy-02-Medium-Quality-206x300.jpg\" alt=\"\" width=\"206\" height=\"300\" srcset=\"http:\/\/www.desales.sk\/wp-content\/uploads\/2016\/09\/016-Klub-Annecy-02-Medium-Quality-206x300.jpg 206w, http:\/\/www.desales.sk\/wp-content\/uploads\/2016\/09\/016-Klub-Annecy-02-Medium-Quality-768x1116.jpg 768w, http:\/\/www.desales.sk\/wp-content\/uploads\/2016\/09\/016-Klub-Annecy-02-Medium-Quality-705x1024.jpg 705w, http:\/\/www.desales.sk\/wp-content\/uploads\/2016\/09\/016-Klub-Annecy-02-Medium-Quality.jpg 1227w\" sizes=\"auto, (max-width: 206px) 100vw, 206px\" \/>Bo\u017eia milos\u0165 si v\u0161ak<strong> vy\u017eaduje vedom\u00fa \u013eudsk\u00fa spolupr\u00e1cu.<\/strong> Na podporu n\u00e1\u0161ho In\u0161tit\u00fatu, n\u00e1\u0161ho apo\u0161tol\u00e1tu a na\u0161ich aktiv\u00edt sme zalo\u017eili <strong>klub Annecy<\/strong> (\u010d\u00edtaj ansi), ktor\u00e9ho mottom je: \u201e<strong>Bu\u010fte sv\u00e4t\u00ed, lebo ja som sv\u00e4t\u00fd<\/strong>\u201c (<em>Sancti eritis quia ego sanctus sum<\/em>) (<em>1 Pt <\/em>1, 16).<\/p>\n<p>Motto klubu Annecy m\u00e1 v\u00a0sebe <strong>v\u00fdzvu, ktor\u00fa sa V\u00e1m budeme sna\u017ei\u0165 pom\u00f4c\u0165 naplni\u0165.<\/strong> Chceme v\u00e1s podpori\u0165 v\u00a0tomto \u00fasil\u00ed o sv\u00e4tos\u0165. <strong>\u010clenom<\/strong> klubu budeme <strong>pravidelne posiela\u0165<\/strong> <strong>materi\u00e1ly na duchovn\u00fd rast<\/strong>, kvalitn\u00fa duchovn\u00fa literat\u00faru, sv\u00e4t\u00e9 obr\u00e1zky so streln\u00fdmi aj dlh\u0161\u00edmi modlitbami a\u00a0ve\u013ea \u010fal\u0161\u00edch. <strong>Chyst\u00e1me veci pre mlad\u00fdch i\u00a0star\u0161\u00edch, ba aj t\u00fdch najmen\u0161\u00edch. <\/strong>Pre k\u0148azov chyst\u00e1me materi\u00e1ly, ktor\u00e9 im u\u013eah\u010dia v ich vz\u00e1cnom povolan\u00ed a\u00a0ponechaj\u00fa viac \u010dasu na veriacich a\u00a0ich duchovn\u00e9 vedenie.<\/p>\n<p>Vykro\u010dte s nami na cestu sv\u00e4tosti. <strong>Sta\u0148te sa \u010dlenmi klubu Annecy<\/strong> a investujte do seba a svojho duchovn\u00e9ho rastu. Viac o\u00a0klube <a href=\"http:\/\/www.desales.sk\/?page_id=192&amp;lang=sk\"><strong>tu<\/strong><\/a>.<\/p>\n","protected":false},"excerpt":{"rendered":"<p>Na\u0161ou misiou, ako aj hlavn\u00fdm cie\u013eom je \u0161\u00edri\u0165 \u00factu k Najsv\u00e4tej\u0161iemu Srdcu Je\u017ei\u0161ovmu skrze Nepo\u0161kvrnen\u00e9 Srdce Panny M\u00e1rie, ako konkr\u00e9tny duchovn\u00fd prostriedok \u00facty k osobe Je\u017ei\u0161a Krista ukryt\u00e9ho v\u00a0Eucharistii. Na\u0161\u00edm cie\u013eom a mottom je teda Obnovi\u0165 v\u0161etko v\u00a0Kristovi skrze M\u00e1riu (Instaurare omnia in Christo per Mariam). Sna\u017e\u00edme sa o zmenu, tak potrebn\u00fa pre na\u0161e Slovensko.&hellip; <\/p>\n","protected":false},"author":1,"featured_media":936,"parent":0,"menu_order":0,"comment_status":"closed","ping_status":"open","template":"","meta":{"footnotes":""},"class_list":["post-28","page","type-page","status-publish","has-post-thumbnail","hentry"],"_links":{"self":[{"href":"http:\/\/www.desales.sk\/index.php?rest_route=\/wp\/v2\/pages\/28","targetHints":{"allow":["GET"]}}],"collection":[{"href":"http:\/\/www.desales.sk\/index.php?rest_route=\/wp\/v2\/pages"}],"about":[{"href":"http:\/\/www.desales.sk\/index.php?rest_route=\/wp\/v2\/types\/page"}],"author":[{"embeddable":true,"href":"http:\/\/www.desales.sk\/index.php?rest_route=\/wp\/v2\/users\/1"}],"replies":[{"embeddable":true,"href":"http:\/\/www.desales.sk\/index.php?rest_route=%2Fwp%2Fv2%2Fcomments&post=28"}],"version-history":[{"count":0,"href":"http:\/\/www.desales.sk\/index.php?rest_route=\/wp\/v2\/pages\/28\/revisions"}],"wp:featuredmedia":[{"embeddable":true,"href":"http:\/\/www.desales.sk\/index.php?rest_route=\/wp\/v2\/media\/936"}],"wp:attachment":[{"href":"http:\/\/www.desales.sk\/index.php?rest_route=%2Fwp%2Fv2%2Fmedia&parent=28"}],"curies":[{"name":"wp","href":"https:\/\/api.w.org\/{rel}","templated":true}]}}