{"id":37,"date":"2016-09-11T00:06:35","date_gmt":"2016-09-10T22:06:35","guid":{"rendered":"http:\/\/www.desales.sk\/?page_id=37"},"modified":"2019-11-26T21:30:19","modified_gmt":"2019-11-26T20:30:19","slug":"kontakt","status":"publish","type":"page","link":"http:\/\/www.desales.sk\/?page_id=37","title":{"rendered":"Kontakt"},"content":{"rendered":"<p><strong>Bankov\u00e9 spojenie<\/strong><br \/>\n<strong>N\u00e1zov majite\u013ea \u00fa\u010dtu:<\/strong> In\u0161tit\u00fat sv\u00e4t\u00e9ho Franti\u0161ka Salesk\u00e9ho<br \/>\n<strong>N\u00e1zov banky:<\/strong> V\u0161eobecn\u00e1 \u00faverov\u00e1 banka<br \/>\n<strong>IBAN:<\/strong> SK76 0200 0000 0037 2384 2256<br \/>\n<strong>SWIF-BIC:<\/strong> SUBASKBX<\/p>\n<p><strong>Po\u0161tov\u00e1 adresa<\/strong><br \/>\nIn\u0161tit\u00fat sv\u00e4t\u00e9ho Franti\u0161ka Salesk\u00e9ho<br \/>\nP. O. Box 194<br \/>\n814 99 Bratislava 1<\/p>\n<p><strong>E-mailov\u00fd kontakt<\/strong><br \/>\ninfo <img loading=\"lazy\" decoding=\"async\" class=\"wp-image-253 alignnone atsign\" src=\"http:\/\/www.desales.sk\/wp-content\/uploads\/2016\/09\/At_sign.svg_-300x300.png\" alt=\"\" width=\"13\" height=\"13\" srcset=\"http:\/\/www.desales.sk\/wp-content\/uploads\/2016\/09\/At_sign.svg_-300x300.png 300w, http:\/\/www.desales.sk\/wp-content\/uploads\/2016\/09\/At_sign.svg_-150x150.png 150w, http:\/\/www.desales.sk\/wp-content\/uploads\/2016\/09\/At_sign.svg_-768x768.png 768w, http:\/\/www.desales.sk\/wp-content\/uploads\/2016\/09\/At_sign.svg_-1024x1024.png 1024w, http:\/\/www.desales.sk\/wp-content\/uploads\/2016\/09\/At_sign.svg_.png 2000w\" sizes=\"auto, (max-width: 13px) 100vw, 13px\" \/> desales.sk<\/p>\n<p><strong>I\u010cO:<\/strong> 50467174<br \/>\n<strong>DI\u010c:<\/strong> 2120357998<\/p>\n<p><strong>N\u00e1zov in\u0161tit\u00fatu<\/strong><br \/>\nIn\u0161tit\u00fat sv\u00e4t\u00e9ho Franti\u0161ka Salesk\u00e9ho <em>(Institutum sancti Francisci de Sales)<\/em><\/p>\n<p><strong>Motto in\u0161tit\u00fatu<\/strong><br \/>\nObnovi\u0165 v\u0161etko v Kristovi skrze M\u00e1riu <em>(Instaurare omnia in Christo per Mariam)<\/em><\/p>\n<p><strong>In\u0161tit\u00fat sv\u00e4t\u00e9ho Franti\u0161ka Salesk\u00e9ho m\u00e1 cirkevn\u00e9 schv\u00e1lenie<\/strong><br \/>\nJeho excelencia bratislavsk\u00fd otec arcibiskup metropolita Mons. Stanislav Zvolensk\u00fd n\u00e1m udelil 27. febru\u00e1ra 2017 cirkevn\u00e9 schv\u00e1lenie na stanovy In\u0161tit\u00fatu sv\u00e4t\u00e9ho Franti\u0161ka Salesk\u00e9ho, sprev\u00e1dzan\u00e9 jeho apo\u0161tolsk\u00fdm po\u017eehnan\u00edm (Prot. N. 764\/2017). Taktie\u017e n\u00e1s uistil o svojej podpore a udelil n\u00e1\u0161mu in\u0161tit\u00fatu svoje apo\u0161tolsk\u00e9 po\u017eehnanie ako v\u00fdznamn\u00fa duchovn\u00fa podporu v na\u0161ej \u010dinnosti.<\/p>\n<p><strong>Cirkevn\u00e9 schv\u00e1lenie zdru\u017eenia<\/strong><\/p>\n<p><strong>Consociatio christifidelium privata:<\/strong><br \/>\nInstitutum sancti Francisci de Sales<\/p>\n<p><strong>Approbatio:<\/strong><br \/>\nMons. Stanislaus Zvolensk\u00fd<br \/>\nArchiepiscopus Metropolita Bratislaviensis<br \/>\nBratislavae, die 27 Februarii 2017<br \/>\nProt. N. 764\/2017<\/p>\n","protected":false},"excerpt":{"rendered":"<p>Bankov\u00e9 spojenie N\u00e1zov majite\u013ea \u00fa\u010dtu: In\u0161tit\u00fat sv\u00e4t\u00e9ho Franti\u0161ka Salesk\u00e9ho N\u00e1zov banky: V\u0161eobecn\u00e1 \u00faverov\u00e1 banka IBAN: SK76 0200 0000 0037 2384 2256 SWIF-BIC: SUBASKBX Po\u0161tov\u00e1 adresa In\u0161tit\u00fat sv\u00e4t\u00e9ho Franti\u0161ka Salesk\u00e9ho P. O. Box 194 814 99 Bratislava 1 E-mailov\u00fd kontakt info desales.sk I\u010cO: 50467174 DI\u010c: 2120357998 N\u00e1zov in\u0161tit\u00fatu In\u0161tit\u00fat sv\u00e4t\u00e9ho Franti\u0161ka Salesk\u00e9ho (Institutum sancti Francisci de&hellip; <\/p>\n","protected":false},"author":1,"featured_media":1594,"parent":0,"menu_order":0,"comment_status":"closed","ping_status":"closed","template":"","meta":{"footnotes":""},"class_list":["post-37","page","type-page","status-publish","has-post-thumbnail","hentry"],"_links":{"self":[{"href":"http:\/\/www.desales.sk\/index.php?rest_route=\/wp\/v2\/pages\/37","targetHints":{"allow":["GET"]}}],"collection":[{"href":"http:\/\/www.desales.sk\/index.php?rest_route=\/wp\/v2\/pages"}],"about":[{"href":"http:\/\/www.desales.sk\/index.php?rest_route=\/wp\/v2\/types\/page"}],"author":[{"embeddable":true,"href":"http:\/\/www.desales.sk\/index.php?rest_route=\/wp\/v2\/users\/1"}],"replies":[{"embeddable":true,"href":"http:\/\/www.desales.sk\/index.php?rest_route=%2Fwp%2Fv2%2Fcomments&post=37"}],"version-history":[{"count":0,"href":"http:\/\/www.desales.sk\/index.php?rest_route=\/wp\/v2\/pages\/37\/revisions"}],"wp:featuredmedia":[{"embeddable":true,"href":"http:\/\/www.desales.sk\/index.php?rest_route=\/wp\/v2\/media\/1594"}],"wp:attachment":[{"href":"http:\/\/www.desales.sk\/index.php?rest_route=%2Fwp%2Fv2%2Fmedia&parent=37"}],"curies":[{"name":"wp","href":"https:\/\/api.w.org\/{rel}","templated":true}]}}