{"id":664,"date":"2017-06-06T19:12:55","date_gmt":"2017-06-06T17:12:55","guid":{"rendered":"http:\/\/www.desales.sk\/?page_id=664"},"modified":"2020-04-14T18:28:48","modified_gmt":"2020-04-14T16:28:48","slug":"dobrovolnici","status":"publish","type":"page","link":"http:\/\/www.desales.sk\/?page_id=664","title":{"rendered":"Dobrovo\u013en\u00edci"},"content":{"rendered":"<p><strong><img loading=\"lazy\" decoding=\"async\" class=\"alignleft wp-image-1168\" src=\"http:\/\/www.desales.sk\/wp-content\/uploads\/2017\/06\/082-Kolaz-prace-02-Medium-Quality-300x273.jpg\" alt=\"\" width=\"520\" height=\"474\" srcset=\"http:\/\/www.desales.sk\/wp-content\/uploads\/2017\/06\/082-Kolaz-prace-02-Medium-Quality-300x273.jpg 300w, http:\/\/www.desales.sk\/wp-content\/uploads\/2017\/06\/082-Kolaz-prace-02-Medium-Quality-768x700.jpg 768w, http:\/\/www.desales.sk\/wp-content\/uploads\/2017\/06\/082-Kolaz-prace-02-Medium-Quality-1024x933.jpg 1024w\" sizes=\"auto, (max-width: 520px) 100vw, 520px\" \/>Klub M\u00e1riin\u00fdch dobrovo\u013en\u00edkov <\/strong>(<em>Societas <\/em><em>Voluntarii Mariae<\/em>) je klub priate\u013eov a&nbsp;podporovate\u013eov In\u0161tit\u00fatu sv\u00e4t\u00e9ho Franti\u0161ka Salesk\u00e9ho, ktor\u00ed <strong>formou konkr\u00e9tnej <\/strong><strong>dobrovo\u013en\u00edckej pr\u00e1c<\/strong><strong>e <\/strong>podporuj\u00fa jeho \u010dinnos\u0165, aktivity, <a href=\"http:\/\/www.desales.sk\/?page_id=28&amp;lang=sk\">misiu<\/a> a&nbsp;apo\u0161tol\u00e1t, a&nbsp;tak mu pom\u00e1haj\u00fa nap\u013a\u0148a\u0165 jeho <a href=\"http:\/\/www.desales.sk\/?page_id=26&amp;lang=sk\">v\u00edziu<\/a>. Z\u00e1rove\u0148&nbsp;t\u00fdm v\u0161ak <strong>podporuj\u00fa vlastn\u00fd duchovn\u00fd rast<\/strong>, rast k&nbsp;osobnej sv\u00e4tosti a dokonalosti.<\/p>\n<p><strong>Pridaj sa k&nbsp;n\u00e1m! <\/strong>Podpor n\u00e1s a sta\u0148 sa sv\u00e4t\u00fdm! Sta\u0148 sa \u010dlenom klubu M\u00e1riin\u00fdch dobrovo\u013en\u00edkov. <strong>Bo\u017eia milos\u0165<\/strong> si <strong>vy\u017eaduje vedom\u00fa \u013eudsk\u00fa spolupr\u00e1cu.<\/strong> V\u010faka Tvojej pravidelnej pomoci budeme schopn\u00ed budova\u0165 pevn\u00e9 z\u00e1klady, na ktor\u00fdch vybudujeme spolo\u010dn\u00e9 dielo. Z\u00e1rove\u0148 \u0164a budeme v\u010faka nej vedie\u0165 podpori\u0165 v&nbsp;raste k&nbsp;osobnej sv\u00e4tosti. Takto sa n\u00e1m spolo\u010dn\u00fdmi silami podar\u00ed v&nbsp;na\u0161ich srdciach aj v&nbsp;celej na\u0161ej spolo\u010dnosti <strong>Obnovi\u0165 v\u0161etko v&nbsp;Kristovi skrze M\u00e1riu.<\/strong><\/p>\n<p>Podobne ako pre \u010dlenov klubu Annecy, pripravujeme aj pre \u010dlenov klubu M\u00e1riin\u00fdch dobrovo\u013en\u00edkov podobn\u00fd program a v\u00fdhody. Pre viac inform\u00e1ci\u00ed vi\u010f&nbsp;<a href=\"http:\/\/www.desales.sk\/?page_id=192&amp;lang=sk\">klub Annecy<\/a>. V\u00fdhody m\u00f4\u017ee\u0161 z\u00edska\u0165 pri odpracovan\u00ed <strong>100 dobrovo\u013en\u00edckych hod\u00edn ro\u010dne.<\/strong> Budeme v\u0161ak v\u010fa\u010dn\u00ed akejko\u013evek pomoci.<\/p>\n<p>Klub M\u00e1riin\u00fdch dobrovo\u013en\u00edkov bol zalo\u017een\u00fd pre \u013eud\u00ed, ktor\u00ed by sa radi zapojili do na\u0161ej misie, no nemaj\u00fa prostriedky n\u00e1s pravidelne podporova\u0165 milodarom, av\u0161ak maj\u00fa \u010das na pomoc <strong>formou konkr\u00e9tnej dobrovo\u013en\u00edckej pr\u00e1ce. <\/strong><strong>Motto <\/strong><strong>klubu <\/strong><strong>M\u00e1riin\u00fdch dobrovo\u013en\u00edkov <\/strong>(<em>Societas <\/em><em>Voluntarii Mariae<\/em>) je: \u201e<strong>H\u013ea, slu\u017eobnica P\u00e1na\u201c<\/strong> (<em>Ecce ancilla Domini<\/em>) (<em>Lk <\/em>1, 38). Toto motto m\u00e1 v&nbsp;sebe ponuku sl\u00fa\u017ei\u0165 P\u00e1novi. Poz\u00fdvame \u0164a vyu\u017ei\u0165 svoj vo\u013en\u00fd \u010das na \u010dinnos\u0165 spojen\u00fa so \u0161\u00edren\u00edm \u00facty k&nbsp;Bo\u017esk\u00e9mu Srdcu skrze Srdce Sedembolestnej.<strong> Pridaj sa k&nbsp;n\u00e1m, potrebujeme tvoju pomoc.<\/strong><\/p>\n<p><a class=\"center\" href=\"http:\/\/www.desales.sk\/?page_id=796&amp;lang=sk\"><input title=\"CHCEM SA STA\u0164 \u010cLENOM KLUBU M\u00c1RIIN\u00ddCH DOBROVO\u013dN\u00cdKOV\" type=\"button\" value=\"CHCEM SA STA\u0164 \u010cLENOM KLUBU M\u00c1RIIN\u00ddCH DOBROVO\u013dN\u00cdKOV\"><\/a><\/p>\n<h4>Formy konkr\u00e9tnej dobrovo\u013en\u00edckej pr\u00e1ce<\/h4>\n<p>Pom\u00f4c\u0165 n\u00e1m m\u00f4\u017ee\u0161:<\/p>\n<ul>\n<li>Rozd\u00e1van\u00edm let\u00e1kov (<em>moment\u00e1lne na knihu Triumf Srdca<\/em>):\n<ul>\n<li>medzi bl\u00edzkymi,<\/li>\n<li>po sv\u00e4t\u00fdch om\u0161iach,<\/li>\n<li>do po\u0161tov\u00fdch schr\u00e1nok,<\/li>\n<li>\u0161\u00edren\u00edm v&nbsp;okruhu svojich zn\u00e1mych prostredn\u00edctvom emailu.<\/li>\n<\/ul>\n<\/li>\n<li>Grafick\u00fdmi pr\u00e1cami:\n<ul>\n<li>zalamovan\u00edm kn\u00edh,<\/li>\n<li>pr\u00edpravou tla\u010dov\u00fdch podkladov,<\/li>\n<li>\u00fapravou obr\u00e1zkov,<\/li>\n<li>web dizajnu,<\/li>\n<li>tvorbou obr\u00e1zkov na infografiku,<\/li>\n<li>pr\u00edpravou podkladov pre ra\u017ebu medail\u00f3nov.<\/li>\n<\/ul>\n<\/li>\n<li>Jazykovou korekciou:\n<ul>\n<li>dlh\u0161\u00edch textov, ako s\u00fa napr. cel\u00e9 knihy,<\/li>\n<li>krat\u0161\u00edch textov, ako s\u00fa napr. modlitby na sv\u00e4t\u00fdch obr\u00e1zkoch.<\/li>\n<\/ul>\n<\/li>\n<li>Prekladom z&nbsp;a&nbsp;do sloven\u010diny (EN, DE, HU, FR, IT, PO, PL, SP a&nbsp;in\u00e9):\n<ul>\n<li>dlh\u0161\u00edch textov, ako s\u00fa napr. cel\u00e9 knihy,<\/li>\n<li>krat\u0161\u00edch textov, ako s\u00fa napr. modlitby na sv\u00e4t\u00fdch obr\u00e1zkoch.<\/li>\n<\/ul>\n<\/li>\n<li>Teologickou \u010dinnos\u0165ou:\n<ul>\n<li>korigovanie pripravovan\u00fdch materi\u00e1lov z&nbsp;teologick\u00e9ho h\u013eadiska,<\/li>\n<li>pr\u00edprava nov\u00fdch materi\u00e1lov.<\/li>\n<\/ul>\n<\/li>\n<li>Kreat\u00edvnou \u010dinnos\u0165ou:\n<ul>\n<li>ma\u013eovanie obrazov,<\/li>\n<li>kresba ilustr\u00e1cii do kn\u00edh,<\/li>\n<li>kresba infografiky,<\/li>\n<li>tvorba darov pre dobrodincov:\n<ul>\n<li>\u0161\u00fapolienkov\u00fd Betlehem,<\/li>\n<li>kraslice na Ve\u013ek\u00fa noc,<\/li>\n<li>viano\u010dn\u00e9 ozdoby,<\/li>\n<li>r\u00f4zne dom\u00e1ce v\u00fdrobky,<\/li>\n<li>stol\u00e1rske pr\u00e1ce,<\/li>\n<li>v\u00fdroba kr\u00ed\u017eov a&nbsp;ru\u017eencov.<\/li>\n<\/ul>\n<\/li>\n<li>Pr\u00edprava spolo\u010densk\u00fdch akci\u00ed:\n<ul>\n<li>konferenci\u00ed,<\/li>\n<li>semin\u00e1rov,<\/li>\n<li>predn\u00e1\u0161ok,<\/li>\n<li>v\u00fdstav,<\/li>\n<li>reprezenta\u010dn\u00fdch plesov,<\/li>\n<li>diskusn\u00fdch stretnut\u00ed,<\/li>\n<li>vzdel\u00e1vac\u00edch programov,<\/li>\n<li>kurzov a&nbsp;\u0161kolen\u00ed,<\/li>\n<li>duchovn\u00fdch a&nbsp;forma\u010dn\u00fdch stretnut\u00ed,<\/li>\n<li>duchovn\u00fdch cvi\u010den\u00ed a&nbsp;obnov,<\/li>\n<li>z\u00e1ujmov\u00fdch, umeleck\u00fdch a \u0161portov\u00fdch podujat\u00ed,<\/li>\n<li>in\u00e9.<\/li>\n<\/ul>\n<\/li>\n<li>Administrat\u00edvou:\n<ul>\n<li>r\u00f4zne spracovanie d\u00e1t.<\/li>\n<\/ul>\n<\/li>\n<li>Program\u00e1torsk\u00fdmi pr\u00e1cami:\n<ul>\n<li>tvorba, \u00faprava a&nbsp;\u00fadr\u017eba datab\u00e1zov\u00e9ho syst\u00e9mu,<\/li>\n<li>spracovanie d\u00e1t,<\/li>\n<li>tvorba webov,<\/li>\n<li>in\u00e9.<\/li>\n<\/ul>\n<\/li>\n<li>Pr\u00e1vnym poradenstvom:\n<ul>\n<li>r\u00f4zne.<\/li>\n<\/ul>\n<\/li>\n<li>Ekonomick\u00fdm poradenstvom:\n<ul>\n<li>\u00fa\u010dtovn\u00edctvo,<\/li>\n<li>r\u00f4zne.<\/li>\n<\/ul>\n<\/li>\n<li>Ak ste z&nbsp;Bratislavy, \u010di okolia, alebo tu \u0161tudujete:\n<ul>\n<li>pr\u00edpravou bal\u00edkov,<\/li>\n<li>balen\u00edm bal\u00edkov,<\/li>\n<li>\u00fadr\u017ebou skladu,<\/li>\n<li>administrat\u00edvou,<\/li>\n<li>in\u00e9.<\/li>\n<\/ul>\n<\/li>\n<\/ul>\n<\/li>\n<\/ul>\n<p><a class=\"center\" href=\"http:\/\/www.desales.sk\/?page_id=796&amp;lang=sk\"><input title=\"CHCEM SA STA\u0164 \u010cLENOM KLUBU M\u00c1RIIN\u00ddCH DOBROVO\u013dN\u00cdKOV\" type=\"button\" value=\"CHCEM SA STA\u0164 \u010cLENOM KLUBU M\u00c1RIIN\u00ddCH DOBROVO\u013dN\u00cdKOV\"><\/a><\/p>\n<p>Ak m\u00e1te nejak\u00e9 ot\u00e1zky, nev\u00e1hajte n\u00e1s kontaktova\u0165 na emailovej adrese <strong>dobrovolnici<img loading=\"lazy\" decoding=\"async\" class=\"wp-image-253 alignnone atsign\" src=\"http:\/\/www.desales.sk\/wp-content\/uploads\/2016\/09\/At_sign.svg_-300x300.png\" alt=\"\" width=\"13\" height=\"13\" srcset=\"http:\/\/www.desales.sk\/wp-content\/uploads\/2016\/09\/At_sign.svg_-300x300.png 300w, http:\/\/www.desales.sk\/wp-content\/uploads\/2016\/09\/At_sign.svg_-150x150.png 150w, http:\/\/www.desales.sk\/wp-content\/uploads\/2016\/09\/At_sign.svg_-768x768.png 768w, http:\/\/www.desales.sk\/wp-content\/uploads\/2016\/09\/At_sign.svg_-1024x1024.png 1024w, http:\/\/www.desales.sk\/wp-content\/uploads\/2016\/09\/At_sign.svg_.png 2000w\" sizes=\"auto, (max-width: 13px) 100vw, 13px\" \/>desales.sk<\/strong>.<\/p>\n","protected":false},"excerpt":{"rendered":"<p>Klub M\u00e1riin\u00fdch dobrovo\u013en\u00edkov (Societas Voluntarii Mariae) je klub priate\u013eov a&nbsp;podporovate\u013eov In\u0161tit\u00fatu sv\u00e4t\u00e9ho Franti\u0161ka Salesk\u00e9ho, ktor\u00ed formou konkr\u00e9tnej dobrovo\u013en\u00edckej pr\u00e1ce podporuj\u00fa jeho \u010dinnos\u0165, aktivity, misiu a&nbsp;apo\u0161tol\u00e1t, a&nbsp;tak mu pom\u00e1haj\u00fa nap\u013a\u0148a\u0165 jeho v\u00edziu. Z\u00e1rove\u0148&nbsp;t\u00fdm v\u0161ak podporuj\u00fa vlastn\u00fd duchovn\u00fd rast, rast k&nbsp;osobnej sv\u00e4tosti a dokonalosti. Pridaj sa k&nbsp;n\u00e1m! Podpor n\u00e1s a sta\u0148 sa sv\u00e4t\u00fdm! Sta\u0148 sa \u010dlenom klubu&hellip; <\/p>\n","protected":false},"author":1,"featured_media":942,"parent":0,"menu_order":0,"comment_status":"closed","ping_status":"closed","template":"","meta":{"footnotes":""},"class_list":["post-664","page","type-page","status-publish","has-post-thumbnail","hentry"],"_links":{"self":[{"href":"http:\/\/www.desales.sk\/index.php?rest_route=\/wp\/v2\/pages\/664","targetHints":{"allow":["GET"]}}],"collection":[{"href":"http:\/\/www.desales.sk\/index.php?rest_route=\/wp\/v2\/pages"}],"about":[{"href":"http:\/\/www.desales.sk\/index.php?rest_route=\/wp\/v2\/types\/page"}],"author":[{"embeddable":true,"href":"http:\/\/www.desales.sk\/index.php?rest_route=\/wp\/v2\/users\/1"}],"replies":[{"embeddable":true,"href":"http:\/\/www.desales.sk\/index.php?rest_route=%2Fwp%2Fv2%2Fcomments&post=664"}],"version-history":[{"count":0,"href":"http:\/\/www.desales.sk\/index.php?rest_route=\/wp\/v2\/pages\/664\/revisions"}],"wp:featuredmedia":[{"embeddable":true,"href":"http:\/\/www.desales.sk\/index.php?rest_route=\/wp\/v2\/media\/942"}],"wp:attachment":[{"href":"http:\/\/www.desales.sk\/index.php?rest_route=%2Fwp%2Fv2%2Fmedia&parent=664"}],"curies":[{"name":"wp","href":"https:\/\/api.w.org\/{rel}","templated":true}]}}