{"id":714,"date":"2017-07-29T21:46:57","date_gmt":"2017-07-29T19:46:57","guid":{"rendered":"http:\/\/www.desales.sk\/?page_id=714"},"modified":"2017-10-01T23:49:46","modified_gmt":"2017-10-01T21:49:46","slug":"orodovnici","status":"publish","type":"page","link":"http:\/\/www.desales.sk\/?page_id=714","title":{"rendered":"Orodovn\u00edci"},"content":{"rendered":"<p><strong>Klub M\u00e1riin\u00fdch<\/strong><strong><img loading=\"lazy\" decoding=\"async\" class=\"alignleft wp-image-1175\" src=\"http:\/\/www.desales.sk\/wp-content\/uploads\/2017\/07\/085-Modliaca-sa-Teraza-02-Medium-Quality-e1506876881869.jpg\" alt=\"\" width=\"300\" height=\"446\" srcset=\"http:\/\/www.desales.sk\/wp-content\/uploads\/2017\/07\/085-Modliaca-sa-Teraza-02-Medium-Quality-e1506876881869.jpg 471w, http:\/\/www.desales.sk\/wp-content\/uploads\/2017\/07\/085-Modliaca-sa-Teraza-02-Medium-Quality-e1506876881869-202x300.jpg 202w\" sizes=\"auto, (max-width: 300px) 100vw, 300px\" \/><\/strong><strong> orodovn\u00edkov <\/strong>(<em>Societas <\/em><em>Intercessorii Mariae<\/em>) je klub priate\u013eov a\u00a0podporovate\u013eov In\u0161tit\u00fatu sv\u00e4t\u00e9ho Franti\u0161ka Salesk\u00e9ho, ktor\u00ed <strong>formou modlitby, napr\u00edklad posv\u00e4tn\u00e9ho ru\u017eenca, alebo pr\u00edpadne obetovania sv\u00e4tej om\u0161e, <\/strong>podporuj\u00fa jeho \u010dinnos\u0165, aktivity, <a href=\"http:\/\/www.desales.sk\/?page_id=28&amp;lang=sk\">misiu<\/a> a\u00a0apo\u0161tol\u00e1t a\u00a0tak mu pom\u00e1haj\u00fa nap\u013a\u0148a\u0165 jeho <a href=\"http:\/\/www.desales.sk\/?page_id=26&amp;lang=sk\">v\u00edziu<\/a>.<\/p>\n<p><strong>Pridaj sa k\u00a0n\u00e1m! <\/strong>Podpor n\u00e1s svojou modlitbou! Sta\u0148 sa \u010dlenom klubu M\u00e1riin\u00fdch orodovn\u00edkov. <strong>Bo\u017eia milos\u0165<\/strong> si <strong>vy\u017eaduje vedom\u00fa \u013eudsk\u00fa spolupr\u00e1cu.<\/strong> V\u010faka Tvojej pravidelnej modlitbe budeme schopn\u00ed budova\u0165 pevn\u00e9 z\u00e1klady, na ktor\u00fdch vybudujeme spolo\u010dn\u00e9 dielo. Takto sa n\u00e1m spolo\u010dn\u00fdmi silami podar\u00ed v\u00a0na\u0161ich srdciach aj v\u00a0celej na\u0161ej spolo\u010dnosti <strong>Obnovi\u0165 v\u0161etko v\u00a0Kristovi skrze M\u00e1riu.<\/strong><\/p>\n<p><strong>Klub M\u00e1riin\u00fdch orodovn\u00edkov <\/strong>bol zalo\u017een\u00fd pre \u013eud\u00ed, ktor\u00ed by sa radi zapojili do na\u0161ej <a href=\"http:\/\/www.desales.sk\/?page_id=28&amp;lang=sk\">misie<\/a>, no nemaj\u00fa prostriedky n\u00e1s pravidelne podporova\u0165 milodarom \u010dlenstvom v\u00a0<strong>klube Annecy<\/strong>, ani nemaj\u00fa mo\u017enos\u0165 n\u00e1m pom\u00f4c\u0165 formou konkr\u00e9tnej dobrovo\u013en\u00edckej pr\u00e1ce \u010dlenstvom v<strong>\u00a0klube M\u00e1riin\u00fdch dobrovo\u013en\u00edkov. <\/strong><\/p>\n<p><strong>Motto klubu M\u00e1riin\u00fdch orodovn\u00edkov <\/strong>(<em>Societas Intercessorii Mariae<\/em>) je: <strong>\u201eProste a dostanete!\u201c <\/strong>(<em>Petite, et dabitur vobis!<\/em>), (<em>Mt <\/em>7, 7). V\u010faka v\u00e1m sa n\u00e1m podar\u00ed z\u00edska\u0165 ve\u013ea Bo\u017eej milosti a\u00a0sily pokra\u010dova\u0165 v\u00a0na\u0161om spolo\u010dnom diele. \u010c\u00edm viac \u013eud\u00ed pros\u00ed za rovnak\u00fa vec, t\u00fdm viac Bo\u017eej milosti vypros\u00ed. Poz\u00fdvame \u0164a vyu\u017ei\u0165 svoj vo\u013en\u00fd \u010das na modlitbu za \u00faspech pri \u0161\u00edren\u00ed \u00facty k\u00a0Bo\u017esk\u00e9mu Srdcu skrze Srdce Sedembolestnej.<strong> Pridaj sa k\u00a0n\u00e1m, potrebujeme tvoju pomoc, tvoju modlitbu.<\/strong><\/p>\n<div><a class=\"center\" href=\"http:\/\/www.desales.sk\/?page_id=803&amp;lang=sk\"><input title=\"CHCEM SA STA\u0164 \u010cLENOM KLUBU M\u00c1RIIN\u00ddCH ORODOVN\u00cdKOV\" type=\"button\" value=\"CHCEM SA STA\u0164 \u010cLENOM KLUBU M\u00c1RIIN\u00ddCH ORODOVN\u00cdKOV\" \/><\/a><\/div>\n<p>&nbsp;<\/p>\n<p>Samozrejme, ak m\u00e1te \u010das a\u00a0prostriedky, m\u00f4\u017eete by\u0165 z\u00e1rove\u0148 \u010dlenmi klubu Annecy, klubu M\u00e1riin\u00fdch dobrovo\u013en\u00edkov, i \u010dlenmi klubu M\u00e1riin\u00fdch orodovn\u00edkov.<\/p>\n<h3>V\u00fdhody \u010dlenstva v\u00a0klube M\u00e1riin\u00fdch orodovn\u00edkov<\/h3>\n<p>V\u0161etky v\u00fdhody, ktor\u00e9 Ti vieme pon\u00faknu\u0165 za podporu a\u00a0pomoc v\u00a0nap\u013a\u0148an\u00ed na\u0161ej <a href=\"http:\/\/www.desales.sk\/?page_id=26&amp;lang=sk\">v\u00edzie<\/a> a\u00a0<a href=\"http:\/\/www.desales.sk\/?page_id=28&amp;lang=sk\">misie<\/a>, za pomoc pri \u0161\u00edren\u00ed \u00facty <strong>k\u00a0Bo\u017esk\u00e9mu Srdcu skrze Srdce Sedembolestnej,<\/strong> formou\u00a0 Tvojich pravideln\u00fdch modlitieb, s\u00fa len chabou n\u00e1hradou. <strong>O skuto\u010dn\u00e9 ocenenie<\/strong> Tvojej pomoci <strong>budeme prosi\u0165 n\u00e1\u0161ho P\u00e1na v\u00a0modlitbe.<\/strong> Ten vie da\u0165 nekone\u010dne viac.<\/p>\n<p><strong>Najv\u00e4\u010d\u0161ou odmenou<\/strong> pre ka\u017ed\u00e9ho orodovn\u00edka, \u010dlena klubu M\u00e1riin\u00fdch orodovn\u00edkov bude<strong> t\u00e1 duchovn\u00e1.<\/strong> N\u00e1\u0161 <strong>P\u00e1n ur\u010dite ve\u013emi ocen\u00ed Tvoju pomoc<\/strong> pri \u0161\u00edren\u00ed \u00facty k\u00a0jeho Bo\u017esk\u00e9mu Srdcu, Srdcu jeho Matky, pomoc pri \u0161\u00edren\u00ed modlitby posv\u00e4tn\u00e9ho ru\u017eenca, a\u00a0t\u00fdm Tvojej odpovede na v\u00fdzvu Panny M\u00e1rie z\u00a0Fatimy k \u0161\u00edreniu <strong>tak urgentnej spr\u00e1vy pre na\u0161u dobu. <\/strong>T\u00fa chceme pomocou knihy Triumf Srdca, spr\u00edstupni\u0165 <strong>\u010do najviac veriacim a\u00a0dobrosrde\u010dn\u00fdm \u013eu\u010fom <\/strong>h\u013eadaj\u00facim pravdu. Viac o\u00a0knihe Triumf Srdca <a href=\"http:\/\/www.triumfsrdca.sk\/\">tu<\/a>.<\/p>\n<p><strong>D\u00fafame, \u017ee v Tebe z\u00edskame spojenca<\/strong> pri \u0161\u00edren\u00ed posolstva na\u0161ej Matky Panny M\u00e1rie. Podporou tohto projektu zasahuje\u0161 \u013eudsk\u00e9 srdcia a pom\u00e1ha\u0161 im tak zjednoti\u0165 sa s Bo\u017esk\u00fdm Srdcom, a tak ich spravi\u0165 lep\u0161\u00edmi.<\/p>\n<h3>Duchovn\u00e1 podpora<\/h3>\n<p><strong>Za \u010dlenov<\/strong> klubu M\u00e1riin\u00fdch orodovn\u00edkov je <strong>ka\u017ed\u00fa prv\u00fa sobotu<\/strong> v\u00a0mesiaci obetovan\u00e1:<\/p>\n<ul>\n<li>sv\u00e4t\u00e1 <strong>om\u0161a<\/strong><\/li>\n<li><strong>modlitba<\/strong> posv\u00e4tn\u00e9ho <strong>ru\u017eenca.<\/strong><\/li>\n<\/ul>\n<p><strong>\u010ealej bud\u00fa za \u010dlenov<\/strong> klubu M\u00e1riin\u00fdch orodovn\u00edkov a\u00a0ich duchovn\u00fd rast <strong>obetovan\u00e9 na\u0161e ka\u017edodenn\u00e9 modlitby<\/strong>, osobn\u00e9 ka\u017edodenn\u00e9 kr\u00ed\u017ee, drobn\u00e9 obety a\u00a0odriekania si. Ver\u00edme, \u017ee n\u00e1\u0161 P\u00e1n ich prijme a\u00a0pou\u017eije na nie\u010do ve\u013ek\u00e9.<\/p>\n<p>Ver\u00edme toti\u017e, \u017ee tieto obety maj\u00fa ve\u013ek\u00fd zmysel a\u00a0\u010dlovek ich m\u00f4\u017ee \u013eahko <strong>premeni\u0165 na nie\u010do ve\u013ek\u00e9,<\/strong> ak ich s l\u00e1skou prijme a obetuje na spr\u00e1vny \u00famysel. Pri\u010dom nejde ani tak o\u00a0ve\u013ekos\u0165 kr\u00ed\u017ea, ako <strong>o\u00a0ve\u013ekos\u0165 l\u00e1sky<\/strong>, s\u00a0ktorou \u010dlovek svoj kr\u00ed\u017e prij\u00edma. \u017divot \u010dloveka nebude \u013eah\u0161\u00ed, no <strong>jeho ka\u017edodenn\u00e9 utrpenie mu d\u00e1 zmysel.<\/strong><\/p>\n<h3>Pl\u00e1novan\u00fd mesa\u010dn\u00fd program<\/h3>\n<p>Akon\u00e1hle sa n\u00e1m podar\u00ed z\u00edska\u0165 potrebn\u00e9 finan\u010dn\u00e9 prostriedky, pl\u00e1nujeme \u010dlenom klubu M\u00e1riin\u00fdch orodovn\u00edkov posiela\u0165 podobn\u00e9 materi\u00e1ly na duchovn\u00fd rast ako \u010dlenom klubu Annecy. Pre viac inform\u00e1ci\u00ed vi\u010f\u00a0<a href=\"http:\/\/www.desales.sk\/?page_id=192&amp;lang=sk\">klub Annecy<\/a>.<\/p>\n<p><a class=\"center\" href=\"http:\/\/www.desales.sk\/?page_id=803&amp;lang=sk\"><input title=\"CHCEM SA STA\u0164 \u010cLENOM KLUBU M\u00c1RIIN\u00ddCH ORODOVN\u00cdKOV\" type=\"button\" value=\"CHCEM SA STA\u0164 \u010cLENOM KLUBU M\u00c1RIIN\u00ddCH ORODOVN\u00cdKOV\" \/><\/a><\/p>\n","protected":false},"excerpt":{"rendered":"<p>Klub M\u00e1riin\u00fdch orodovn\u00edkov (Societas Intercessorii Mariae) je klub priate\u013eov a\u00a0podporovate\u013eov In\u0161tit\u00fatu sv\u00e4t\u00e9ho Franti\u0161ka Salesk\u00e9ho, ktor\u00ed formou modlitby, napr\u00edklad posv\u00e4tn\u00e9ho ru\u017eenca, alebo pr\u00edpadne obetovania sv\u00e4tej om\u0161e, podporuj\u00fa jeho \u010dinnos\u0165, aktivity, misiu a\u00a0apo\u0161tol\u00e1t a\u00a0tak mu pom\u00e1haj\u00fa nap\u013a\u0148a\u0165 jeho v\u00edziu. Pridaj sa k\u00a0n\u00e1m! Podpor n\u00e1s svojou modlitbou! Sta\u0148 sa \u010dlenom klubu M\u00e1riin\u00fdch orodovn\u00edkov. Bo\u017eia milos\u0165 si vy\u017eaduje vedom\u00fa&hellip; <\/p>\n","protected":false},"author":1,"featured_media":938,"parent":0,"menu_order":0,"comment_status":"closed","ping_status":"closed","template":"","meta":{"footnotes":""},"class_list":["post-714","page","type-page","status-publish","has-post-thumbnail","hentry"],"_links":{"self":[{"href":"http:\/\/www.desales.sk\/index.php?rest_route=\/wp\/v2\/pages\/714","targetHints":{"allow":["GET"]}}],"collection":[{"href":"http:\/\/www.desales.sk\/index.php?rest_route=\/wp\/v2\/pages"}],"about":[{"href":"http:\/\/www.desales.sk\/index.php?rest_route=\/wp\/v2\/types\/page"}],"author":[{"embeddable":true,"href":"http:\/\/www.desales.sk\/index.php?rest_route=\/wp\/v2\/users\/1"}],"replies":[{"embeddable":true,"href":"http:\/\/www.desales.sk\/index.php?rest_route=%2Fwp%2Fv2%2Fcomments&post=714"}],"version-history":[{"count":0,"href":"http:\/\/www.desales.sk\/index.php?rest_route=\/wp\/v2\/pages\/714\/revisions"}],"wp:featuredmedia":[{"embeddable":true,"href":"http:\/\/www.desales.sk\/index.php?rest_route=\/wp\/v2\/media\/938"}],"wp:attachment":[{"href":"http:\/\/www.desales.sk\/index.php?rest_route=%2Fwp%2Fv2%2Fmedia&parent=714"}],"curies":[{"name":"wp","href":"https:\/\/api.w.org\/{rel}","templated":true}]}}