{"id":716,"date":"2017-07-29T21:47:44","date_gmt":"2017-07-29T19:47:44","guid":{"rendered":"http:\/\/www.desales.sk\/?page_id=716"},"modified":"2020-04-14T18:31:09","modified_gmt":"2020-04-14T16:31:09","slug":"vyhody-partnerstva","status":"publish","type":"page","link":"http:\/\/www.desales.sk\/?page_id=716","title":{"rendered":"V\u00fdhody partnerstva"},"content":{"rendered":"<h3>V\u00fdhody partnerstva IsFS<\/h3>\n<p>V\u0161etky v\u00fdhody, ktor\u00e9 V\u00e1m vieme pon\u00faknu\u0165 za podporu a&nbsp;pomoc v&nbsp;nap\u013a\u0148an\u00ed na\u0161ej v\u00edzie a&nbsp;misie, za pomoc pri \u0161\u00edren\u00ed \u00facty <strong>k&nbsp;Bo\u017esk\u00e9mu Srdcu skrze Srdce Sedembolestnej,<\/strong> s\u00fa len chabou n\u00e1hradou. <strong>O skuto\u010dn\u00e9 ocenenie<\/strong> Va\u0161ej pomoci <strong>budeme prosi\u0165 n\u00e1\u0161ho P\u00e1na v&nbsp;modlitbe.<\/strong> Ten vie da\u0165 nekone\u010dne viac.<\/p>\n<p><strong><img loading=\"lazy\" decoding=\"async\" class=\"alignleft size-medium wp-image-1178\" src=\"http:\/\/www.desales.sk\/wp-content\/uploads\/2017\/07\/092-Knihy-zo-svieckou-02-Medium-Quality-300x200.jpg\" alt=\"\" width=\"300\" height=\"200\" srcset=\"http:\/\/www.desales.sk\/wp-content\/uploads\/2017\/07\/092-Knihy-zo-svieckou-02-Medium-Quality-300x200.jpg 300w, http:\/\/www.desales.sk\/wp-content\/uploads\/2017\/07\/092-Knihy-zo-svieckou-02-Medium-Quality.jpg 612w\" sizes=\"auto, (max-width: 300px) 100vw, 300px\" \/>V\u00fdhody, \u010dlenstva sa daj\u00fa rozdeli\u0165 do kateg\u00f3ri\u00ed:<\/strong><\/p>\n<ul>\n<li>Duchovn\u00e9<\/li>\n<li>Materi\u00e1lne<\/li>\n<li>Spolo\u010densk\u00e9<\/li>\n<\/ul>\n<p><strong>Najv\u00e4\u010d\u0161ou odmenou<\/strong> pre ka\u017ed\u00e9ho partnera bude<strong> t\u00e1 duchovn\u00e1.<\/strong> N\u00e1\u0161 <strong>P\u00e1n ur\u010dite ve\u013emi ocen\u00ed Va\u0161u pomoc<\/strong> pri \u0161\u00edren\u00ed \u00facty k&nbsp;jeho Bo\u017esk\u00e9mu Srdcu a Srdcu jeho Matky, pomoc pri \u0161\u00edren\u00ed modlitby posv\u00e4tn\u00e9ho ru\u017eenca a&nbsp;napokon aj&nbsp;pomoc pri \u0161\u00edren\u00ed v\u00fdzvy Panny M\u00e1rie z&nbsp;Fatimy, <strong>tak urgentnej spr\u00e1vy pre na\u0161u dobu. <\/strong>T\u00fa chceme prostredn\u00edctvom knihy Triumf Srdca spr\u00edstupni\u0165 <strong>\u010do najviac veriacim a&nbsp;dobrosrde\u010dn\u00fdm \u013eu\u010fom <\/strong>h\u013eadaj\u00facim pravdu. Viac o&nbsp;knihe Triumf Srdca <a href=\"http:\/\/www.triumfsrdca.sk\/\">tu<\/a>.<\/p>\n<p><strong>D\u00fafame, \u017ee vo V\u00e1s z\u00edskame spojenca<\/strong> pri \u0161\u00edren\u00ed posolstva na\u0161ej Matky Panny M\u00e1rie. Podporou In\u0161tit\u00fatu sv\u00e4t\u00e9ho Franti\u0161ka Salesk\u00e9ho zasahujete \u013eudsk\u00e9 srdcia a pom\u00e1hate im tak zjednoti\u0165 sa s Bo\u017esk\u00fdm Srdcom, a tak ich spravi\u0165 lep\u0161\u00edmi.<\/p>\n<p><a class=\"center\" href=\"http:\/\/www.desales.sk\/?page_id=484&amp;lang=sk\"><input title=\"Chcem sa sta\u0165 partnerom IsFS\" type=\"button\" value=\"Chcem sa sta\u0165 partnerom IsFS\"><\/a><\/p>\n<h4>Duchovn\u00e1 podpora<\/h4>\n<p><strong><img loading=\"lazy\" decoding=\"async\" class=\"alignleft size-medium wp-image-1179\" src=\"http:\/\/www.desales.sk\/wp-content\/uploads\/2017\/07\/093-Benedikt-na-omsi-02-Medium-Quality-300x199.jpg\" alt=\"\" width=\"300\" height=\"199\" srcset=\"http:\/\/www.desales.sk\/wp-content\/uploads\/2017\/07\/093-Benedikt-na-omsi-02-Medium-Quality-300x199.jpg 300w, http:\/\/www.desales.sk\/wp-content\/uploads\/2017\/07\/093-Benedikt-na-omsi-02-Medium-Quality.jpg 710w\" sizes=\"auto, (max-width: 300px) 100vw, 300px\" \/>Za partnerov <\/strong>In\u0161tit\u00fatu sv\u00e4t\u00e9ho Franti\u0161ka Salesk\u00e9ho je <strong>ka\u017ed\u00fa prv\u00fa sobotu<\/strong> v&nbsp;mesiaci obetovan\u00e1:<\/p>\n<ul>\n<li>sv\u00e4t\u00e1 <strong>om\u0161a,<\/strong><\/li>\n<li><strong>modlitba<\/strong> posv\u00e4tn\u00e9ho <strong>ru\u017eenca.<\/strong><\/li>\n<\/ul>\n<p><strong>\u010ealej bud\u00fa za na\u0161ich partnerov <\/strong>a&nbsp;ich duchovn\u00fd rast <strong>obetovan\u00e9 na\u0161e ka\u017edodenn\u00e9 modlitby<\/strong>, osobn\u00e9 ka\u017edodenn\u00e9 kr\u00ed\u017ee, drobn\u00e9 obety a&nbsp;odriekania si. Ver\u00edme, \u017ee n\u00e1\u0161 P\u00e1n ich prijme a&nbsp;pou\u017eije na nie\u010do ve\u013ek\u00e9.<\/p>\n<p><img loading=\"lazy\" decoding=\"async\" class=\"alignright wp-image-1180 size-thumbnail\" src=\"http:\/\/www.desales.sk\/wp-content\/uploads\/2017\/07\/094-Modlitba-ruzenca-02-Medium-Quality-150x150.jpg\" alt=\"\" width=\"150\" height=\"150\">Ver\u00edme toti\u017e, \u017ee tieto obety maj\u00fa ve\u013ek\u00fd zmysel a&nbsp;\u010dlovek ich m\u00f4\u017ee \u013eahko <strong>premeni\u0165 na nie\u010do ve\u013ek\u00e9,<\/strong> ak ich s l\u00e1skou prijme a obetuje na spr\u00e1vny \u00famysel. Pri\u010dom nejde ani tak o&nbsp;ve\u013ekos\u0165 kr\u00ed\u017ea, ako <strong>o&nbsp;ve\u013ekos\u0165 l\u00e1sky<\/strong>, s&nbsp;ktorou \u010dlovek svoj kr\u00ed\u017e prij\u00edma. \u017divot \u010dloveka nebude \u013eah\u0161\u00ed, no <strong>jeho ka\u017edodenn\u00e9 utrpenie mu d\u00e1 zmysel.<\/strong><\/p>\n<h4>Propag\u00e1cia Va\u0161ej firmy<\/h4>\n<p><strong>Log\u00e1 v\u0161etk\u00fdch na\u0161ich partnerov bud\u00fa uveden\u00e9 na na\u0161om webe www.desales.sk<\/strong>, na weboch aktu\u00e1lne prebiehaj\u00facich kampan\u00ed (teraz napr\u00edklad na <a href=\"http:\/\/www.triumfsrdca.sk\/\">www.triumfsrdca.sk<\/a>), na sprievodn\u00fdch plag\u00e1toch (pr\u00edklad <a href=\"http:\/\/www.desales.sk\/wp-content\/uploads\/2017\/07\/TS-Plagat.pdf\">tu<\/a>) a&nbsp;z\u00e1lo\u017ek\u00e1ch (pr\u00edklad <a href=\"http:\/\/www.desales.sk\/wp-content\/uploads\/2017\/07\/TS-Zalozka.pdf\">tu<\/a>) k&nbsp;t\u00fdmto kampaniam. Va\u0161e podnikanie sa zvidite\u013en\u00ed najm\u00e4 medzi veriacimi \u013eu\u010fmi.<\/p>\n<h4>Materi\u00e1ly na duchovn\u00fd rast<\/h4>\n<p>Pre na\u0161ich partnerov m\u00e1me pripraven\u00fd podobn\u00fd <a href=\"http:\/\/www.desales.sk\/?page_id=192&amp;lang=sk\">program ako pre \u010dlenov klubu Annecy<\/a>. Na\u0161\u00edm cie\u013eom je, aby sa ka\u017ed\u00fd n\u00e1\u0161 partner, ako aj \u010dlen klubu Annecy dozvedel z\u00e1kladn\u00e9 piliere katol\u00edckej n\u00e1bo\u017enosti, <strong>\u010do znamenaj\u00fa pre \u017eivot kres\u0165ana, a&nbsp;\u010do by mal robi\u0165 a&nbsp;\u010do zanecha\u0165 na v\u00e4\u010d\u0161iu Bo\u017eiu \u010des\u0165 a&nbsp;sl\u00e1vu a&nbsp;na spasenie svojej du\u0161e. <\/strong>N\u00e1\u0161 patr\u00f3n, sv. Franti\u0161ek Salesk\u00fd, v&nbsp;jednom liste svojim zverencom nap\u00edsal: \u201e<em>Uver a&nbsp;uvid\u00ed\u0161! Ak za\u010dne\u0161 povedan\u00e9 nasledova\u0165, \u017eivot sa ti stane slad\u0161\u00edm ako cukor a&nbsp;med.<\/em>\u201c<\/p>\n<p><img loading=\"lazy\" decoding=\"async\" class=\"wp-image-1150 size-thumbnail alignright\" src=\"http:\/\/www.desales.sk\/wp-content\/uploads\/2016\/12\/078-Medaila-02-Medium-Quality-150x150.jpg\" alt=\"\" width=\"150\" height=\"150\" srcset=\"http:\/\/www.desales.sk\/wp-content\/uploads\/2016\/12\/078-Medaila-02-Medium-Quality-150x150.jpg 150w, http:\/\/www.desales.sk\/wp-content\/uploads\/2016\/12\/078-Medaila-02-Medium-Quality-300x300.jpg 300w, http:\/\/www.desales.sk\/wp-content\/uploads\/2016\/12\/078-Medaila-02-Medium-Quality-768x768.jpg 768w, http:\/\/www.desales.sk\/wp-content\/uploads\/2016\/12\/078-Medaila-02-Medium-Quality-1024x1024.jpg 1024w, http:\/\/www.desales.sk\/wp-content\/uploads\/2016\/12\/078-Medaila-02-Medium-Quality.jpg 1500w\" sizes=\"auto, (max-width: 150px) 100vw, 150px\" \/> <img loading=\"lazy\" decoding=\"async\" class=\"wp-image-1149 size-thumbnail alignright\" src=\"http:\/\/www.desales.sk\/wp-content\/uploads\/2016\/12\/077-Dve-srdcia-02-Medium-Quality-150x150.jpg\" alt=\"\" width=\"150\" height=\"150\"> <img loading=\"lazy\" decoding=\"async\" class=\"wp-image-1148 size-thumbnail alignright\" src=\"http:\/\/www.desales.sk\/wp-content\/uploads\/2016\/12\/076-Otvorena-kniha-02-Meduim-Quality-150x150.jpg\" alt=\"\" width=\"150\" height=\"150\">Ka\u017ed\u00fd partner od n\u00e1s obdr\u017e\u00ed:<\/p>\n<ul>\n<li>uv\u00edtac\u00ed bal\u00ed\u010dek:\n<ul>\n<li>kniha od n\u00e1\u0161ho patr\u00f3na sv. Franti\u0161ka Salesk\u00e9ho<em> \u00davod do n\u00e1bo\u017en\u00e9ho \u017eivota <\/em>(<em>1607<\/em>) (<em>pripravujeme nov\u00fa ilustrovan\u00fa verziu<\/em>),<\/li>\n<li>ve\u013ek\u00fd obraz Najsv\u00e4tej\u0161ieho Srdca Je\u017ei\u0161ovho a&nbsp;Nepo\u0161kvrnen\u00e9ho Srdca Panny M\u00e1rie so zasv\u00e4cuj\u00facou sa modlitbou k t\u00fdmto Srdciam,<\/li>\n<\/ul>\n<\/li>\n<li>kr\u00e1sny posv\u00e4ten\u00fd Mari\u00e1nsky medail\u00f3n v&nbsp;elegantnej krabi\u010dke,<\/li>\n<li>sv\u00e4t\u00e9 obr\u00e1zky so streln\u00fdmi aj&nbsp;dlh\u0161\u00edmi modlitbami,<\/li>\n<li>preukaz partnera.<\/li>\n<li><img loading=\"lazy\" decoding=\"async\" class=\"wp-image-1151 size-thumbnail alignright\" src=\"http:\/\/www.desales.sk\/wp-content\/uploads\/2016\/12\/079-List-02-Medium-Quality-150x150.jpg\" alt=\"\" width=\"150\" height=\"150\">Pravidelne:\n<ul>\n<li>list od duchovn\u00e9ho otca,<\/li>\n<li>materi\u00e1ly na rozj\u00edmanie,<\/li>\n<li>kvalitn\u00fa duchovn\u00fa literat\u00faru,<\/li>\n<li>sv\u00e4t\u00e9 obr\u00e1zky so streln\u00fdmi aj&nbsp;dlh\u0161\u00edmi modlitbami,<\/li>\n<li>in\u00e9 materi\u00e1ly potrebn\u00e9 k&nbsp;duchovn\u00e9mu rastu.<\/li>\n<\/ul>\n<\/li>\n<\/ul>\n<p><strong>Minim\u00e1lny milodar ur\u010den\u00fd pre partnerov je 1200 eur ro\u010dne, \u010di\u017ee 100 eur mesa\u010dne. V\u010faka nemu budeme vedie\u0165 r\u00e1s\u0165 a&nbsp;vybudova\u0165 pevn\u00e9 z\u00e1klady, na ktor\u00fdch m\u00f4\u017eeme stava\u0165 <\/strong>spolo\u010dn\u00e9 dielo. Z\u00e1rove\u0148 V\u00e1s v\u010faka V\u00e1\u0161mu milodaru budeme vedie\u0165 podpori\u0165 v&nbsp;raste k&nbsp;osobnej sv\u00e4tosti. Takto sa n\u00e1m spolo\u010dn\u00fdmi silami podar\u00ed v&nbsp;na\u0161ich srdciach, aj v&nbsp;celej na\u0161ej spolo\u010dnosti <strong>Obnovi\u0165 v\u0161etko v&nbsp;Kristovi skrze M\u00e1riu.<\/strong><\/p>\n<p><img loading=\"lazy\" decoding=\"async\" class=\"wp-image-1137 size-medium alignright\" src=\"http:\/\/www.desales.sk\/wp-content\/uploads\/2016\/12\/080-Burke-konferencia-02-Medium-Quality-300x186.jpg\" alt=\"\" width=\"300\" height=\"186\" srcset=\"http:\/\/www.desales.sk\/wp-content\/uploads\/2016\/12\/080-Burke-konferencia-02-Medium-Quality-300x186.jpg 300w, http:\/\/www.desales.sk\/wp-content\/uploads\/2016\/12\/080-Burke-konferencia-02-Medium-Quality.jpg 698w\" sizes=\"auto, (max-width: 300px) 100vw, 300px\" \/>V\u0161etci partneri \u010falej dostan\u00fa pozvanie na v\u0161etky verejn\u00e9 podujatia organizovan\u00e9 In\u0161tit\u00fatom sv\u00e4t\u00e9ho Franti\u0161ka Salesk\u00e9ho:<\/p>\n<ul>\n<li>konferencie,<\/li>\n<li>semin\u00e1re,<\/li>\n<li>predn\u00e1\u0161ky,<\/li>\n<li>v\u00fdstavy,<\/li>\n<li>reprezenta\u010dn\u00e9 plesy,<\/li>\n<li>diskusn\u00e9 stretnutia,<\/li>\n<li>vzdel\u00e1vacie programy,<\/li>\n<li>kurzy a&nbsp;\u0161kolenia,<\/li>\n<li>duchovn\u00e9 a&nbsp;forma\u010dn\u00e9 stretnutia,<\/li>\n<li>duchovn\u00e9 cvi\u010denia a&nbsp;obnovy,<\/li>\n<li>z\u00e1ujmov\u00e9, umeleck\u00e9 a&nbsp;\u0161portov\u00e9 podujatia,<\/li>\n<li>in\u00e9.<\/li>\n<\/ul>\n<p><strong>Hlavn\u00fdm \u00fa\u010delom V\u00e1\u0161ho milodaru<\/strong> je podpora uskuto\u010d\u0148ovania <a href=\"http:\/\/www.desales.sk\/?page_id=26&amp;lang=sk\">v\u00edzie<\/a> a&nbsp;<a href=\"http:\/\/www.desales.sk\/?page_id=28&amp;lang=sk\">misie<\/a> n\u00e1\u0161ho In\u0161tit\u00fatu sv. Franti\u0161ka Salesk\u00e9ho. <strong>Va\u0161ou, ako aj na\u0161ou odmenou bude tie\u017e zmena, ktor\u00fa <\/strong>v\u010faka V\u00e1m, Va\u0161im modlitb\u00e1m a&nbsp;milodarom a v\u010faka \u0161\u00edreniu hlavne modlitby posv\u00e4tn\u00e9ho ru\u017eenca na na\u0161om Slovensku dosiahneme.<strong> Obr\u00e1\u0165me Slovensko spolo\u010dn\u00fdmi silami sp\u00e4\u0165 ku Kristovi skrze Sedembolestn\u00fa.<\/strong><\/p>\n<p><a class=\"center\" href=\"http:\/\/www.desales.sk\/?page_id=484&amp;lang=sk\"><input title=\"Chcem sa sta\u0165 partnerom IsFS\" type=\"button\" value=\"Chcem sa sta\u0165 partnerom IsFS\"><\/a><\/p>\n<p>Ak m\u00e1te nejak\u00e9 ot\u00e1zky, nev\u00e1hajte n\u00e1s pros\u00edm kontaktova\u0165 na emailovej adrese <strong>partneri<img loading=\"lazy\" decoding=\"async\" class=\"wp-image-253 alignnone atsign\" src=\"http:\/\/www.desales.sk\/wp-content\/uploads\/2016\/09\/At_sign.svg_-300x300.png\" alt=\"\" width=\"13\" height=\"13\" srcset=\"http:\/\/www.desales.sk\/wp-content\/uploads\/2016\/09\/At_sign.svg_-300x300.png 300w, http:\/\/www.desales.sk\/wp-content\/uploads\/2016\/09\/At_sign.svg_-150x150.png 150w, http:\/\/www.desales.sk\/wp-content\/uploads\/2016\/09\/At_sign.svg_-768x768.png 768w, http:\/\/www.desales.sk\/wp-content\/uploads\/2016\/09\/At_sign.svg_-1024x1024.png 1024w, http:\/\/www.desales.sk\/wp-content\/uploads\/2016\/09\/At_sign.svg_.png 2000w\" sizes=\"auto, (max-width: 13px) 100vw, 13px\" \/>desales.sk<\/strong>.<\/p>\n","protected":false},"excerpt":{"rendered":"<p>V\u00fdhody partnerstva IsFS V\u0161etky v\u00fdhody, ktor\u00e9 V\u00e1m vieme pon\u00faknu\u0165 za podporu a&nbsp;pomoc v&nbsp;nap\u013a\u0148an\u00ed na\u0161ej v\u00edzie a&nbsp;misie, za pomoc pri \u0161\u00edren\u00ed \u00facty k&nbsp;Bo\u017esk\u00e9mu Srdcu skrze Srdce Sedembolestnej, s\u00fa len chabou n\u00e1hradou. O skuto\u010dn\u00e9 ocenenie Va\u0161ej pomoci budeme prosi\u0165 n\u00e1\u0161ho P\u00e1na v&nbsp;modlitbe. Ten vie da\u0165 nekone\u010dne viac. V\u00fdhody, \u010dlenstva sa daj\u00fa rozdeli\u0165 do kateg\u00f3ri\u00ed: Duchovn\u00e9 Materi\u00e1lne Spolo\u010densk\u00e9&hellip; <\/p>\n","protected":false},"author":1,"featured_media":0,"parent":0,"menu_order":0,"comment_status":"closed","ping_status":"closed","template":"","meta":{"footnotes":""},"class_list":["post-716","page","type-page","status-publish","hentry"],"_links":{"self":[{"href":"http:\/\/www.desales.sk\/index.php?rest_route=\/wp\/v2\/pages\/716","targetHints":{"allow":["GET"]}}],"collection":[{"href":"http:\/\/www.desales.sk\/index.php?rest_route=\/wp\/v2\/pages"}],"about":[{"href":"http:\/\/www.desales.sk\/index.php?rest_route=\/wp\/v2\/types\/page"}],"author":[{"embeddable":true,"href":"http:\/\/www.desales.sk\/index.php?rest_route=\/wp\/v2\/users\/1"}],"replies":[{"embeddable":true,"href":"http:\/\/www.desales.sk\/index.php?rest_route=%2Fwp%2Fv2%2Fcomments&post=716"}],"version-history":[{"count":0,"href":"http:\/\/www.desales.sk\/index.php?rest_route=\/wp\/v2\/pages\/716\/revisions"}],"wp:attachment":[{"href":"http:\/\/www.desales.sk\/index.php?rest_route=%2Fwp%2Fv2%2Fmedia&parent=716"}],"curies":[{"name":"wp","href":"https:\/\/api.w.org\/{rel}","templated":true}]}}