{"id":718,"date":"2017-07-29T21:48:31","date_gmt":"2017-07-29T19:48:31","guid":{"rendered":"http:\/\/www.desales.sk\/?page_id=718"},"modified":"2020-04-14T18:32:32","modified_gmt":"2020-04-14T16:32:32","slug":"ako-nas-podporit","status":"publish","type":"page","link":"http:\/\/www.desales.sk\/?page_id=718","title":{"rendered":"Ako n\u00e1s podpori\u0165"},"content":{"rendered":"<h3>Jednorazovo<\/h3>\n<div>\n<p><strong>Na\u0161\u00edm cie\u013eom je napom\u00f4c\u0165 \u013eu\u010fom n\u00e1js\u0165 opravdiv\u00fa katol\u00edcku zbo\u017enos\u0165.<\/strong> Pridajte sa k na\u0161ej snahe, podporte n\u00e1s v na\u0161om \u00fasil\u00ed. Jednorazovo n\u00e1s m\u00f4\u017eete podpori\u0165:<\/p>\n<ul>\n<li><strong>zaslan\u00edm milodaru<\/strong> na \u010d\u00edslo \u00fa\u010dtu:<br \/>\n<strong>IBAN:<\/strong> SK76 0200 0000 0037 2384 2256<br \/>\n<strong>BIC (SWIFT):<\/strong> SUBASKBX<\/li>\n<li><strong>dobrovo\u013en\u00edckou pr\u00e1cou,<\/strong><\/li>\n<li><strong>va\u0161ou modlitbou<\/strong> za n\u00e1s a na\u0161e aktivity, aby sme aj my dosiahli nesmierne P\u00e1nove milosrdenstvo a k\u00fdm in\u00fdm ukazujeme cestu n\u00e1bo\u017enosti, sami neboli zavrhnut\u00ed (1 Kor 9, 27),<\/li>\n<li><strong>odpor\u00fa\u010dan\u00edm <\/strong>n\u00e1s va\u0161im priate\u013eom a&nbsp;zn\u00e1mym, ktor\u00fd by n\u00e1s mohli podpori\u0165.<\/li>\n<\/ul>\n<p>Vopred \u00faprimn\u00e9 P\u00e1n Boh zapla\u0165 za ka\u017ed\u00fd v\u00e1\u0161 milodar, pomocn\u00fa ruku, modlitbu, \u010di odpor\u00fa\u010danie. S \u00faprimnou v\u010fakou, t\u00edm In\u0161tit\u00fatu sv\u00e4t\u00e9ho Franti\u0161ka Salesk\u00e9ho a \u010dlenovia klubu Annecy.<\/p>\n<\/div>\n<p><a class=\"center\" href=\"http:\/\/www.desales.sk\/?page_id=956&amp;lang=sk\"><input title=\"CHCEM PODPORI\u0164 ISFS MILODAROM\" type=\"button\" value=\"CHCEM PODPORI\u0164 ISFS MILODAROM\"><\/a><\/p>\n<h3>Opakovane<\/h3>\n<div>\n<p>Podporova\u0165 n\u00e1s m\u00f4\u017eete aj pravidelne, t\u00fdmto z\u00e1rove\u0148 podpor\u00edte aj vlastn\u00fd duchovn\u00fd rast. Pravidelne n\u00e1s m\u00f4\u017eete podpori\u0165:<\/p>\n<ul>\n<li>pravideln\u00fdmi milodarmi<strong> \u010dlenstvom v&nbsp;klube Annecy,<\/strong><\/li>\n<li>milodarom pridan\u00edm sa k <strong>na\u0161im partnerom,<\/strong><\/li>\n<li>pravidelnou dobrovo\u013en\u00edckou pr\u00e1cou<strong> \u010dlenstvom v&nbsp;klube M\u00e1riin\u00fdch dobrovo\u013en\u00edkov,<\/strong><\/li>\n<li>pravidelnou modlitbou <strong>\u010dlenstvom v&nbsp;klube M\u00e1riin\u00fdch orodovn\u00edkov<\/strong>.<\/li>\n<\/ul>\n<\/div>\n<p><a class=\"center\" href=\"http:\/\/www.desales.sk\/?page_id=192&amp;lang=sk\"><input title=\"CHCEM SA STA\u0164 \u010cLENOM KLUBU ANNECY\" type=\"button\" value=\"CHCEM SA STA\u0164 \u010cLENOM KLUBU ANNECY\"><\/a><br \/>\n<a class=\"center\" href=\"http:\/\/www.desales.sk\/?page_id=716&amp;lang=sk\"><input title=\"CHCEM SA STA\u0164 PARTNEROM ISFS\" type=\"button\" value=\"CHCEM SA STA\u0164 PARTNEROM ISFS\"><\/a><br \/>\n<a class=\"center\" href=\"http:\/\/www.desales.sk\/?page_id=664&amp;lang=sk\"><input title=\"CHCEM SA STA\u0164 \u010cLENOM KLUBU M\u00c1RIIN\u00ddCH DOBROVO\u013dN\u00cdKOV\" type=\"button\" value=\"CHCEM SA STA\u0164 \u010cLENOM KLUBU M\u00c1RIIN\u00ddCH DOBROVO\u013dN\u00cdKOV\"><\/a><br \/>\n<a class=\"center\" href=\"http:\/\/www.desales.sk\/?page_id=714&amp;lang=sk\"><input title=\"CHCEM SA STA\u0164 \u010cLENOM KLUBU M\u00c1RIIN\u00ddCH ORODOVN\u00cdKOV\" type=\"button\" value=\"CHCEM SA STA\u0164 \u010cLENOM KLUBU M\u00c1RIIN\u00ddCH ORODOVN\u00cdKOV\"><\/a><\/p>\n<h3>\u010eal\u0161ie mo\u017enosti podpory<\/h3>\n<p>Podporte n\u00e1s 2% \u2013 3% svojej dane. Tla\u010divo n\u00e1jdete <a>tu<\/a>. 3% dane m\u00f4\u017eu podpori\u0165 v\u0161etci, ktor\u00ed odpracovali za rok minim\u00e1lne 40 hod\u00edn dobrovo\u013en\u00edckej pr\u00e1ce. Tla\u010divo na potvrdenie n\u00e1jdete <a>tu<\/a>.<\/p>\n<div>\n<h3>Podpora vecn\u00fdm darom<\/h3>\n<p>Podpori\u0165 n\u00e1s m\u00f4\u017eete tak isto vecn\u00fdm darom vhodn\u00fdm na na\u0161u \u010dinnos\u0165. Potrebujeme:<\/p>\n<ul>\n<li>priestory v&nbsp;Bratislave, Petr\u017ealke, kde by sme mohli pracova\u0165 na jednom mieste,<\/li>\n<li>notebooky s&nbsp;opera\u010dn\u00fdm syst\u00e9mom Windows 7 obsahuj\u00facim MS Office,<\/li>\n<li>tla\u010diare\u0148 s&nbsp;r\u00fdchlou tla\u010dou,<\/li>\n<li>skener,<\/li>\n<li>pravidelne toner a&nbsp;papier do tla\u010diarn\u00ed,<\/li>\n<li>kancel\u00e1rske potreby,<\/li>\n<li>osobn\u00e9 \u010di n\u00e1kladn\u00e9 auto,<\/li>\n<li>rozkladac\u00ed informa\u010dn\u00fd st\u00e1nok a&nbsp;skladacie stoly a stoli\u010dky,<\/li>\n<li>in\u00e9.<\/li>\n<\/ul>\n<\/div>\n<p>Ak n\u00e1m viete pom\u00f4c\u0165 vecn\u00fdm darom, pros\u00edm kontaktujte n\u00e1s na emailovej adrese <strong>vecne.dary<img loading=\"lazy\" decoding=\"async\" class=\"wp-image-253 alignnone atsign\" src=\"http:\/\/www.desales.sk\/wp-content\/uploads\/2016\/09\/At_sign.svg_-300x300.png\" alt=\"\" width=\"13\" height=\"13\" srcset=\"http:\/\/www.desales.sk\/wp-content\/uploads\/2016\/09\/At_sign.svg_-300x300.png 300w, http:\/\/www.desales.sk\/wp-content\/uploads\/2016\/09\/At_sign.svg_-150x150.png 150w, http:\/\/www.desales.sk\/wp-content\/uploads\/2016\/09\/At_sign.svg_-768x768.png 768w, http:\/\/www.desales.sk\/wp-content\/uploads\/2016\/09\/At_sign.svg_-1024x1024.png 1024w, http:\/\/www.desales.sk\/wp-content\/uploads\/2016\/09\/At_sign.svg_.png 2000w\" sizes=\"auto, (max-width: 13px) 100vw, 13px\" \/>desales.sk<\/strong>.<\/p>\n<p>Vopred \u00faprimn\u00e9 P\u00e1n Boh zapla\u0165. S \u00faprimnou v\u010fakou, t\u00edm In\u0161tit\u00fatu sv\u00e4t\u00e9ho Franti\u0161ka Salesk\u00e9ho a \u010dlenovia klubu Annecy.<\/p>\n<p><img loading=\"lazy\" decoding=\"async\" class=\"wp-image-941 size-large aligncenter\" src=\"http:\/\/www.desales.sk\/wp-content\/uploads\/2017\/07\/Web-07-Dakujeme-Kvetinka-a-motyliky-without-border-1024x509.png\" alt=\"\" width=\"790\" height=\"393\" srcset=\"http:\/\/www.desales.sk\/wp-content\/uploads\/2017\/07\/Web-07-Dakujeme-Kvetinka-a-motyliky-without-border-1024x509.png 1024w, http:\/\/www.desales.sk\/wp-content\/uploads\/2017\/07\/Web-07-Dakujeme-Kvetinka-a-motyliky-without-border-300x149.png 300w, http:\/\/www.desales.sk\/wp-content\/uploads\/2017\/07\/Web-07-Dakujeme-Kvetinka-a-motyliky-without-border-768x382.png 768w, http:\/\/www.desales.sk\/wp-content\/uploads\/2017\/07\/Web-07-Dakujeme-Kvetinka-a-motyliky-without-border.png 1910w\" sizes=\"auto, (max-width: 790px) 100vw, 790px\" \/><\/p>\n","protected":false},"excerpt":{"rendered":"<p>Jednorazovo Na\u0161\u00edm cie\u013eom je napom\u00f4c\u0165 \u013eu\u010fom n\u00e1js\u0165 opravdiv\u00fa katol\u00edcku zbo\u017enos\u0165. Pridajte sa k na\u0161ej snahe, podporte n\u00e1s v na\u0161om \u00fasil\u00ed. Jednorazovo n\u00e1s m\u00f4\u017eete podpori\u0165: zaslan\u00edm milodaru na \u010d\u00edslo \u00fa\u010dtu: IBAN: SK76 0200 0000 0037 2384 2256 BIC (SWIFT): SUBASKBX dobrovo\u013en\u00edckou pr\u00e1cou, va\u0161ou modlitbou za n\u00e1s a na\u0161e aktivity, aby sme aj my dosiahli nesmierne P\u00e1nove&hellip; <\/p>\n","protected":false},"author":1,"featured_media":0,"parent":0,"menu_order":0,"comment_status":"closed","ping_status":"closed","template":"","meta":{"footnotes":""},"class_list":["post-718","page","type-page","status-publish","hentry"],"_links":{"self":[{"href":"http:\/\/www.desales.sk\/index.php?rest_route=\/wp\/v2\/pages\/718","targetHints":{"allow":["GET"]}}],"collection":[{"href":"http:\/\/www.desales.sk\/index.php?rest_route=\/wp\/v2\/pages"}],"about":[{"href":"http:\/\/www.desales.sk\/index.php?rest_route=\/wp\/v2\/types\/page"}],"author":[{"embeddable":true,"href":"http:\/\/www.desales.sk\/index.php?rest_route=\/wp\/v2\/users\/1"}],"replies":[{"embeddable":true,"href":"http:\/\/www.desales.sk\/index.php?rest_route=%2Fwp%2Fv2%2Fcomments&post=718"}],"version-history":[{"count":0,"href":"http:\/\/www.desales.sk\/index.php?rest_route=\/wp\/v2\/pages\/718\/revisions"}],"wp:attachment":[{"href":"http:\/\/www.desales.sk\/index.php?rest_route=%2Fwp%2Fv2%2Fmedia&parent=718"}],"curies":[{"name":"wp","href":"https:\/\/api.w.org\/{rel}","templated":true}]}}