{"id":720,"date":"2017-07-29T21:49:34","date_gmt":"2017-07-29T19:49:34","guid":{"rendered":"http:\/\/www.desales.sk\/?page_id=720"},"modified":"2019-11-26T22:37:57","modified_gmt":"2019-11-26T21:37:57","slug":"podakovanie","status":"publish","type":"page","link":"http:\/\/www.desales.sk\/?page_id=720","title":{"rendered":"Po\u010fakovanie"},"content":{"rendered":"<p><strong>Srde\u010dn\u00e1 v\u010faka patr\u00ed v\u0161etk\u00fdm, ktor\u00ed sa podie\u013eali, alebo sa podie\u013eate na tomto Bo\u017eom diele. <\/strong>V prvom rade v\u0161emoh\u00facemu <strong>Trojjedin\u00e9mu Bohu,<\/strong> skrze ktor\u00e9ho je v\u0161etko, Najsv\u00e4tej\u0161ej <strong>Panne M\u00e1rii <\/strong>za jej materinsk\u00fa ochranu a orodovanie.<\/p>\n<p>Ve\u013ek\u00fa v\u010faku si v\u0161ak zasluhuj\u00fa najm\u00e4 <strong>na\u0161i dobrodinci<\/strong>, bez ktor\u00fdch by sa nepodarilo pokry\u0165 n\u00e1klady na fungovanie In\u0161tit\u00fatu sv\u00e4t\u00e9ho Franti\u0161ka Salesk\u00e9ho, no taktie\u017e <strong>v\u0161etci dobrovo\u013en\u00edci,<\/strong> bez ktor\u00fdch pomocnej ruky by sme nemohli fungova\u0165.<\/p>\n<p>V&nbsp;neposlednom rade patr\u00ed ve\u013ek\u00e1 <strong>v\u010faka na\u0161\u00edm orodovn\u00edkom<\/strong>, ktor\u00fd sa za n\u00e1s utiekaj\u00fa u&nbsp;n\u00e1\u0161ho nebesk\u00e9ho Otca a&nbsp;prosia tie\u017e o&nbsp;orodovanie na\u0161u nebesk\u00fa Matku Pannu M\u00e1riu.<\/p>\n<p>Taktie\u017e patr\u00ed <strong>v\u010faka v\u0161etk\u00fdm<\/strong> <strong>duchovn\u00fdm otcom<\/strong>, ktor\u00ed za n\u00e1s sl\u00fa\u017eia sv\u00e4t\u00e9 om\u0161e. T\u00fato neocenite\u013en\u00fa slu\u017ebu si najviac cen\u00edme.<\/p>\n<p><strong>Nech P\u00e1n,<\/strong> ktor\u00fd za\u010dal toto dobr\u00e9 dielo, s\u00e1m ho udr\u017eoval, aby sa srdcia n\u00e1s v\u0161etk\u00fdch zjednotili spolu s M\u00e1riin\u00fdm Nepo\u0161kvrnen\u00fdm Srdcom v Je\u017ei\u0161ovom Najsv\u00e4tej\u0161om Srdci a aby v srdciach v\u0161etk\u00fdch \u013eud\u00ed na svete bolo <strong>Obnoven\u00e9 v\u0161etko v Kristovi skrze M\u00e1riu.<\/strong><\/p>\n<p style=\"text-align: center;\"><strong>S \u00faprimnou v\u010fakou<\/strong><br \/>\nt\u00edm In\u0161tit\u00fatu sv\u00e4t\u00e9ho Franti\u0161ka Salesk\u00e9ho a \u010dlenovia klubu Annecy.<\/p>\n<p><a class=\"center\" href=\"http:\/\/www.desales.sk\/?page_id=956&amp;lang=sk\"><input title=\"CHCEM PODPORI\u0164 IN\u0160TIT\u00daT SV. FRANTI\u0160KA SALESK\u00c9HO\" type=\"button\" value=\"CHCEM PODPORI\u0164 IN\u0160TIT\u00daT SV. FRANTI\u0160KA SALESK\u00c9HO\"><\/a><\/p>\n<p><img loading=\"lazy\" decoding=\"async\" class=\"wp-image-941 size-large aligncenter\" src=\"http:\/\/www.desales.sk\/wp-content\/uploads\/2017\/07\/Web-07-Dakujeme-Kvetinka-a-motyliky-without-border-1024x509.png\" alt=\"\" width=\"790\" height=\"393\" srcset=\"http:\/\/www.desales.sk\/wp-content\/uploads\/2017\/07\/Web-07-Dakujeme-Kvetinka-a-motyliky-without-border-1024x509.png 1024w, http:\/\/www.desales.sk\/wp-content\/uploads\/2017\/07\/Web-07-Dakujeme-Kvetinka-a-motyliky-without-border-300x149.png 300w, http:\/\/www.desales.sk\/wp-content\/uploads\/2017\/07\/Web-07-Dakujeme-Kvetinka-a-motyliky-without-border-768x382.png 768w, http:\/\/www.desales.sk\/wp-content\/uploads\/2017\/07\/Web-07-Dakujeme-Kvetinka-a-motyliky-without-border.png 1910w\" sizes=\"auto, (max-width: 790px) 100vw, 790px\" \/><\/p>\n","protected":false},"excerpt":{"rendered":"<p>Srde\u010dn\u00e1 v\u010faka patr\u00ed v\u0161etk\u00fdm, ktor\u00ed sa podie\u013eali, alebo sa podie\u013eate na tomto Bo\u017eom diele. V prvom rade v\u0161emoh\u00facemu Trojjedin\u00e9mu Bohu, skrze ktor\u00e9ho je v\u0161etko, Najsv\u00e4tej\u0161ej Panne M\u00e1rii za jej materinsk\u00fa ochranu a orodovanie. Ve\u013ek\u00fa v\u010faku si v\u0161ak zasluhuj\u00fa najm\u00e4 na\u0161i dobrodinci, bez ktor\u00fdch by sa nepodarilo pokry\u0165 n\u00e1klady na fungovanie In\u0161tit\u00fatu sv\u00e4t\u00e9ho Franti\u0161ka Salesk\u00e9ho, no&hellip; <\/p>\n","protected":false},"author":1,"featured_media":1607,"parent":0,"menu_order":0,"comment_status":"closed","ping_status":"closed","template":"","meta":{"footnotes":""},"class_list":["post-720","page","type-page","status-publish","has-post-thumbnail","hentry"],"_links":{"self":[{"href":"http:\/\/www.desales.sk\/index.php?rest_route=\/wp\/v2\/pages\/720","targetHints":{"allow":["GET"]}}],"collection":[{"href":"http:\/\/www.desales.sk\/index.php?rest_route=\/wp\/v2\/pages"}],"about":[{"href":"http:\/\/www.desales.sk\/index.php?rest_route=\/wp\/v2\/types\/page"}],"author":[{"embeddable":true,"href":"http:\/\/www.desales.sk\/index.php?rest_route=\/wp\/v2\/users\/1"}],"replies":[{"embeddable":true,"href":"http:\/\/www.desales.sk\/index.php?rest_route=%2Fwp%2Fv2%2Fcomments&post=720"}],"version-history":[{"count":0,"href":"http:\/\/www.desales.sk\/index.php?rest_route=\/wp\/v2\/pages\/720\/revisions"}],"wp:featuredmedia":[{"embeddable":true,"href":"http:\/\/www.desales.sk\/index.php?rest_route=\/wp\/v2\/media\/1607"}],"wp:attachment":[{"href":"http:\/\/www.desales.sk\/index.php?rest_route=%2Fwp%2Fv2%2Fmedia&parent=720"}],"curies":[{"name":"wp","href":"https:\/\/api.w.org\/{rel}","templated":true}]}}