{"id":722,"date":"2017-07-29T21:49:51","date_gmt":"2017-07-29T19:49:51","guid":{"rendered":"http:\/\/www.desales.sk\/?page_id=722"},"modified":"2017-10-01T23:49:45","modified_gmt":"2017-10-01T21:49:45","slug":"kariera","status":"publish","type":"page","link":"http:\/\/www.desales.sk\/?page_id=722","title":{"rendered":"Kari\u00e9ra"},"content":{"rendered":"<div class=\"list\">\n<p><strong>Chcete sa sta\u0165 \u010dlenom n\u00e1\u0161ho t\u00edmu In\u0161tit\u00fatu sv\u00e4t\u00e9ho Franti\u0161ka Salesk\u00e9ho?<\/strong> H\u013ead\u00e1me \u0161ikovn\u00fdch \u013eud\u00ed na st\u00e1le poz\u00edcie:<\/p>\n<ul>\n<li>\u00fa\u010dtovn\u00edk,<\/li>\n<li>administrat\u00edva,<\/li>\n<li>pomocn\u00e9 pr\u00e1ce (balenie, upratovanie v\u00a0sklade).<\/li>\n<\/ul>\n<\/div>\n<div class=\"list\">\n<p>Nepravidelne alebo\u00a0<strong> jednorazovo potrebujeme:<\/strong><\/p>\n<ul>\n<li>ekonomick\u00e9 poradenstvo,<\/li>\n<li>pr\u00e1vne poradenstvo,<\/li>\n<li>IT poradenstvo.<\/li>\n<\/ul>\n<\/div>\n","protected":false},"excerpt":{"rendered":"<p>Chcete sa sta\u0165 \u010dlenom n\u00e1\u0161ho t\u00edmu In\u0161tit\u00fatu sv\u00e4t\u00e9ho Franti\u0161ka Salesk\u00e9ho? H\u013ead\u00e1me \u0161ikovn\u00fdch \u013eud\u00ed na st\u00e1le poz\u00edcie: \u00fa\u010dtovn\u00edk, administrat\u00edva, pomocn\u00e9 pr\u00e1ce (balenie, upratovanie v\u00a0sklade). Nepravidelne alebo\u00a0 jednorazovo potrebujeme: ekonomick\u00e9 poradenstvo, pr\u00e1vne poradenstvo, IT poradenstvo.<\/p>\n","protected":false},"author":1,"featured_media":0,"parent":0,"menu_order":0,"comment_status":"closed","ping_status":"closed","template":"","meta":{"footnotes":""},"class_list":["post-722","page","type-page","status-publish","hentry"],"_links":{"self":[{"href":"http:\/\/www.desales.sk\/index.php?rest_route=\/wp\/v2\/pages\/722","targetHints":{"allow":["GET"]}}],"collection":[{"href":"http:\/\/www.desales.sk\/index.php?rest_route=\/wp\/v2\/pages"}],"about":[{"href":"http:\/\/www.desales.sk\/index.php?rest_route=\/wp\/v2\/types\/page"}],"author":[{"embeddable":true,"href":"http:\/\/www.desales.sk\/index.php?rest_route=\/wp\/v2\/users\/1"}],"replies":[{"embeddable":true,"href":"http:\/\/www.desales.sk\/index.php?rest_route=%2Fwp%2Fv2%2Fcomments&post=722"}],"version-history":[{"count":0,"href":"http:\/\/www.desales.sk\/index.php?rest_route=\/wp\/v2\/pages\/722\/revisions"}],"wp:attachment":[{"href":"http:\/\/www.desales.sk\/index.php?rest_route=%2Fwp%2Fv2%2Fmedia&parent=722"}],"curies":[{"name":"wp","href":"https:\/\/api.w.org\/{rel}","templated":true}]}}