{"id":796,"date":"2017-07-30T21:59:13","date_gmt":"2017-07-30T19:59:13","guid":{"rendered":"http:\/\/www.desales.sk\/?page_id=796"},"modified":"2020-04-14T18:29:11","modified_gmt":"2020-04-14T16:29:11","slug":"stan-sa-dobrovolnikom","status":"publish","type":"page","link":"http:\/\/www.desales.sk\/?page_id=796","title":{"rendered":"Sta\u0148 sa dobrovo\u013en\u00edkom"},"content":{"rendered":"<p><strong>Do klubu M\u00e1riin\u00fdch dobrovo\u013en\u00edkov sa m\u00f4\u017eete prihl\u00e1si\u0165 <\/strong>vyplnen\u00edm prihlasovacieho formul\u00e1ru na tejto str\u00e1nke alebo priamo na emailovej adrese <strong>dobrovolnici<img loading=\"lazy\" decoding=\"async\" class=\"wp-image-253 alignnone atsign\" src=\"http:\/\/www.desales.sk\/wp-content\/uploads\/2016\/09\/At_sign.svg_-300x300.png\" alt=\"\" width=\"13\" height=\"13\" srcset=\"http:\/\/www.desales.sk\/wp-content\/uploads\/2016\/09\/At_sign.svg_-300x300.png 300w, http:\/\/www.desales.sk\/wp-content\/uploads\/2016\/09\/At_sign.svg_-150x150.png 150w, http:\/\/www.desales.sk\/wp-content\/uploads\/2016\/09\/At_sign.svg_-768x768.png 768w, http:\/\/www.desales.sk\/wp-content\/uploads\/2016\/09\/At_sign.svg_-1024x1024.png 1024w, http:\/\/www.desales.sk\/wp-content\/uploads\/2016\/09\/At_sign.svg_.png 2000w\" sizes=\"auto, (max-width: 13px) 100vw, 13px\" \/>desales.sk.<\/strong><\/p>\n\n<div class=\"wpcf7 no-js\" id=\"wpcf7-f828-o1\" lang=\"sk-SK\" dir=\"ltr\" data-wpcf7-id=\"828\">\n<div class=\"screen-reader-response\"><p role=\"status\" aria-live=\"polite\" aria-atomic=\"true\"><\/p> <ul><\/ul><\/div>\n<form action=\"\/index.php?rest_route=%2Fwp%2Fv2%2Fpages%2F796#wpcf7-f828-o1\" method=\"post\" class=\"wpcf7-form init\" aria-label=\"Kontaktn\u00fd formul\u00e1r\" novalidate=\"novalidate\" data-status=\"init\">\n<fieldset class=\"hidden-fields-container\"><input type=\"hidden\" name=\"_wpcf7\" value=\"828\" \/><input type=\"hidden\" name=\"_wpcf7_version\" value=\"6.1.5\" \/><input type=\"hidden\" name=\"_wpcf7_locale\" value=\"sk_SK\" \/><input type=\"hidden\" name=\"_wpcf7_unit_tag\" value=\"wpcf7-f828-o1\" \/><input type=\"hidden\" name=\"_wpcf7_container_post\" value=\"0\" \/><input type=\"hidden\" name=\"_wpcf7_posted_data_hash\" value=\"\" \/><input type=\"hidden\" name=\"_wpcf7_recaptcha_response\" value=\"\" \/>\n<\/fieldset>\n<div>\n\t<p class=\"items-4\"><label> Titul<br \/>\n<span class=\"wpcf7-form-control-wrap\" data-name=\"title\"><input size=\"40\" maxlength=\"400\" class=\"wpcf7-form-control wpcf7-text\" aria-invalid=\"false\" value=\"\" type=\"text\" name=\"title\" \/><\/span> <\/label><label> Meno*<br \/>\n<span class=\"wpcf7-form-control-wrap\" data-name=\"firstName\"><input size=\"40\" maxlength=\"400\" class=\"wpcf7-form-control wpcf7-text wpcf7-validates-as-required\" aria-required=\"true\" aria-invalid=\"false\" value=\"\" type=\"text\" name=\"firstName\" \/><\/span> <\/label><label> Priezvisko*<br \/>\n<span class=\"wpcf7-form-control-wrap\" data-name=\"surname\"><input size=\"40\" maxlength=\"400\" class=\"wpcf7-form-control wpcf7-text wpcf7-validates-as-required\" aria-required=\"true\" aria-invalid=\"false\" value=\"\" type=\"text\" name=\"surname\" \/><\/span> <\/label><label> Titul za<br \/>\n<span class=\"wpcf7-form-control-wrap\" data-name=\"titleAfter\"><input size=\"40\" maxlength=\"400\" class=\"wpcf7-form-control wpcf7-text\" aria-invalid=\"false\" value=\"\" type=\"text\" name=\"titleAfter\" \/><\/span> <\/label>\n\t<\/p>\n<\/div>\n<div>\n\t<p class=\"items-3\"><label> Povolanie*<br \/>\n<span class=\"wpcf7-form-control-wrap\" data-name=\"job\"><input size=\"40\" maxlength=\"400\" class=\"wpcf7-form-control wpcf7-text wpcf7-validates-as-required\" aria-required=\"true\" aria-invalid=\"false\" value=\"\" type=\"text\" name=\"job\" \/><\/span> <\/label><label> D\u00e1tum narodenia*<br \/>\n<span class=\"wpcf7-form-control-wrap\" data-name=\"birthDate\"><input size=\"40\" maxlength=\"400\" class=\"wpcf7-form-control wpcf7-text wpcf7-validates-as-required\" aria-required=\"true\" aria-invalid=\"false\" value=\"\" type=\"text\" name=\"birthDate\" \/><\/span> <\/label><label class=\"priest\">K\u0148az<\/label><span class=\"wpcf7-form-control-wrap\" data-name=\"priest\"><span class=\"wpcf7-form-control wpcf7-radio\"><span class=\"wpcf7-list-item first\"><input type=\"radio\" name=\"priest\" value=\"\u00e1no\" checked=\"checked\" \/><span class=\"wpcf7-list-item-label\">\u00e1no<\/span><\/span><span class=\"wpcf7-list-item last\"><input type=\"radio\" name=\"priest\" value=\"nie\" \/><span class=\"wpcf7-list-item-label\">nie<\/span><\/span><\/span><\/span>\n\t<\/p>\n<\/div>\n<div>\n\t<p class=\"items-3\"><label> E-mail*<br \/>\n<span class=\"wpcf7-form-control-wrap\" data-name=\"email\"><input size=\"40\" maxlength=\"400\" class=\"wpcf7-form-control wpcf7-email wpcf7-validates-as-required wpcf7-text wpcf7-validates-as-email\" aria-required=\"true\" aria-invalid=\"false\" value=\"\" type=\"email\" name=\"email\" \/><\/span> <\/label><label> Telef\u00f3n<br \/>\n<span class=\"wpcf7-form-control-wrap\" data-name=\"phone\"><input size=\"40\" maxlength=\"400\" class=\"wpcf7-form-control wpcf7-tel wpcf7-text wpcf7-validates-as-tel\" aria-invalid=\"false\" value=\"\" type=\"tel\" name=\"phone\" \/><\/span> <\/label>\n\t<\/p>\n<\/div>\n<div>\n\t<p class=\"items-3\"><label> Ulica*<br \/>\n<span class=\"wpcf7-form-control-wrap\" data-name=\"street\"><input size=\"40\" maxlength=\"400\" class=\"wpcf7-form-control wpcf7-text wpcf7-validates-as-required\" aria-required=\"true\" aria-invalid=\"false\" value=\"\" type=\"text\" name=\"street\" \/><\/span> <\/label><label> PS\u010c*<br \/>\n<span class=\"wpcf7-form-control-wrap\" data-name=\"zip\"><input class=\"wpcf7-form-control wpcf7-number wpcf7-validates-as-required wpcf7-validates-as-number\" aria-required=\"true\" aria-invalid=\"false\" value=\"\" type=\"number\" name=\"zip\" \/><\/span> <\/label><label> Obec*<br \/>\n<span class=\"wpcf7-form-control-wrap\" data-name=\"city\"><input size=\"40\" maxlength=\"400\" class=\"wpcf7-form-control wpcf7-text wpcf7-validates-as-required\" aria-required=\"true\" aria-invalid=\"false\" value=\"\" type=\"text\" name=\"city\" \/><\/span> <\/label>\n\t<\/p>\n<\/div>\n<div>\n\t<p class=\"items-3\"><br \/>\n<label> Krajina*<br \/>\n<span class=\"wpcf7-form-control-wrap\" data-name=\"country\"><input size=\"40\" maxlength=\"400\" class=\"wpcf7-form-control wpcf7-text wpcf7-validates-as-required\" aria-required=\"true\" aria-invalid=\"false\" value=\"\" type=\"text\" name=\"country\" \/><\/span> <\/label>\n\t<\/p>\n<\/div>\n<div>\n\t<p><label> Pozn\u00e1mka: <span class=\"wpcf7-form-control-wrap\" data-name=\"note\"><textarea cols=\"40\" rows=\"3\" maxlength=\"2000\" class=\"wpcf7-form-control wpcf7-textarea\" aria-invalid=\"false\" placeholder=\"Sem m\u00f4\u017eete zada\u0165 \u013eubovo\u013en\u00fa pozn\u00e1mku\" name=\"note\"><\/textarea><\/span><\/label>\n\t<\/p>\n<\/div>\n<div>\n\t<p><label> Mesa\u010dne chcem pom\u00e1ha\u0165 dobrovo\u013en\u00edckou pr\u00e1cou (hod.)* <span class=\"wpcf7-form-control-wrap\" data-name=\"hours\"><input class=\"wpcf7-form-control wpcf7-number wpcf7-validates-as-required wpcf7-validates-as-number\" aria-required=\"true\" aria-invalid=\"false\" value=\"10\" type=\"number\" name=\"hours\" \/><\/span><\/label>\n\t<\/p>\n<\/div>\n<div>\n\t<p>T\u00fdmto dobrovo\u013ene ude\u013eujem In\u0161tit\u00fatu sv\u00e4t\u00e9ho Franti\u0161ka Salesk\u00e9ho (I\u010cO: 50467174) s\u00fahlas na spracovanie a pou\u017e\u00edvanie hore uveden\u00fdch osobn\u00fdch \u00fadajov na \u00fa\u010dely v s\u00falade s \u010dinnos\u0165ou In\u0161tit\u00fatu, v s\u00falade so z\u00e1konom \u010d. 122\/2013 Z. z. o ochrane osobn\u00fdch \u00fadajov, z\u00e1konom \u010d. 351\/2011 Z.z. o elektronick\u00fdch komunik\u00e1ci\u00e1ch a z\u00e1konom \u010d. 147\/2001 Z.z. o reklame. Tento s\u00fahlas je mo\u017en\u00e9 kedyko\u013evek odvola\u0165 a to p\u00edsomnou formou, doporu\u010den\u00fdm listom na adresu: P.O. Box 194, 814 99 Bratislava 1. Z\u00e1rove\u0148 svoj\u00edm podpisom potvrdzujem, \u017ee uveden\u00e9 \u00fadaje s\u00fa pravdiv\u00e9 a \u017ee ich poskytujem na z\u00e1klade osobn\u00e9ho a slobodn\u00e9ho rozhodnutia.\n\t<\/p>\n<\/div>\n<div>\n\t<p>* Polia ozna\u010den\u00e9 hviezdi\u010dkou (*) s\u00fa povinn\u00e9 \u00fadaje. Email je d\u00f4le\u017eit\u00fd, preto\u017ee ho budeme pou\u017e\u00edva\u0165 ako jednozna\u010dn\u00fd identifik\u00e1tor platby. D\u00e1tum narodenia a povolanie s\u00fa potrebn\u00e9, preto\u017ee v\u00e1m budeme posiela\u0165 materi\u00e1ly prisl\u00fachaj\u00face V\u00e1\u0161mu veku a povolaniu.\n\t<\/p>\n<\/div>\n\n<p><input class=\"wpcf7-form-control wpcf7-submit has-spinner\" type=\"submit\" value=\"Z\u00e1v\u00e4zne sa prihlasujem za \u010dlena klubu M\u00e1riin\u00fdch dobrovo\u013en\u00edkov\" \/>\n<\/p><p style=\"display: none !important;\" class=\"akismet-fields-container\" data-prefix=\"_wpcf7_ak_\"><label>&#916;<textarea name=\"_wpcf7_ak_hp_textarea\" cols=\"45\" rows=\"8\" maxlength=\"100\"><\/textarea><\/label><input type=\"hidden\" id=\"ak_js_1\" name=\"_wpcf7_ak_js\" value=\"10\"\/><script type=\"text\/javascript\">\n\/* <![CDATA[ *\/\ndocument.getElementById( \"ak_js_1\" ).setAttribute( \"value\", ( new Date() ).getTime() );\n\/* ]]> *\/\n<\/script>\n<\/p><div class=\"wpcf7-response-output\" aria-hidden=\"true\"><\/div>\n<\/form>\n<\/div>\n\n<p><img loading=\"lazy\" decoding=\"async\" class=\"aligncenter wp-image-941 size-large\" src=\"http:\/\/www.desales.sk\/wp-content\/uploads\/2017\/07\/Web-07-Dakujeme-Kvetinka-a-motyliky-without-border-1024x509.png\" alt=\"\" width=\"790\" height=\"393\" srcset=\"http:\/\/www.desales.sk\/wp-content\/uploads\/2017\/07\/Web-07-Dakujeme-Kvetinka-a-motyliky-without-border-1024x509.png 1024w, http:\/\/www.desales.sk\/wp-content\/uploads\/2017\/07\/Web-07-Dakujeme-Kvetinka-a-motyliky-without-border-300x149.png 300w, http:\/\/www.desales.sk\/wp-content\/uploads\/2017\/07\/Web-07-Dakujeme-Kvetinka-a-motyliky-without-border-768x382.png 768w, http:\/\/www.desales.sk\/wp-content\/uploads\/2017\/07\/Web-07-Dakujeme-Kvetinka-a-motyliky-without-border.png 1910w\" sizes=\"auto, (max-width: 790px) 100vw, 790px\" \/><\/p>\n","protected":false},"excerpt":{"rendered":"<p>Do klubu M\u00e1riin\u00fdch dobrovo\u013en\u00edkov sa m\u00f4\u017eete prihl\u00e1si\u0165 vyplnen\u00edm prihlasovacieho formul\u00e1ru na tejto str\u00e1nke alebo priamo na emailovej adrese dobrovolnicidesales.sk.<\/p>\n","protected":false},"author":1,"featured_media":0,"parent":0,"menu_order":0,"comment_status":"closed","ping_status":"closed","template":"","meta":{"footnotes":""},"class_list":["post-796","page","type-page","status-publish","hentry"],"_links":{"self":[{"href":"http:\/\/www.desales.sk\/index.php?rest_route=\/wp\/v2\/pages\/796","targetHints":{"allow":["GET"]}}],"collection":[{"href":"http:\/\/www.desales.sk\/index.php?rest_route=\/wp\/v2\/pages"}],"about":[{"href":"http:\/\/www.desales.sk\/index.php?rest_route=\/wp\/v2\/types\/page"}],"author":[{"embeddable":true,"href":"http:\/\/www.desales.sk\/index.php?rest_route=\/wp\/v2\/users\/1"}],"replies":[{"embeddable":true,"href":"http:\/\/www.desales.sk\/index.php?rest_route=%2Fwp%2Fv2%2Fcomments&post=796"}],"version-history":[{"count":0,"href":"http:\/\/www.desales.sk\/index.php?rest_route=\/wp\/v2\/pages\/796\/revisions"}],"wp:attachment":[{"href":"http:\/\/www.desales.sk\/index.php?rest_route=%2Fwp%2Fv2%2Fmedia&parent=796"}],"curies":[{"name":"wp","href":"https:\/\/api.w.org\/{rel}","templated":true}]}}