{"id":956,"date":"2017-09-26T18:48:26","date_gmt":"2017-09-26T16:48:26","guid":{"rendered":"http:\/\/www.desales.sk\/?page_id=956"},"modified":"2017-10-01T23:49:44","modified_gmt":"2017-10-01T21:49:44","slug":"chcem-podporit-isfs","status":"publish","type":"page","link":"http:\/\/www.desales.sk\/?page_id=956","title":{"rendered":"Chcem podpori\u0165 IsFS"},"content":{"rendered":"<p><strong>Bankov\u00e9 spojenie<\/strong><br \/>\n<strong>N\u00e1zov majite\u013ea \u00fa\u010dtu:<\/strong> In\u0161tit\u00fat sv\u00e4t\u00e9ho Franti\u0161ka Salesk\u00e9ho<br \/>\n<strong>N\u00e1zov banky:<\/strong> V\u0161eobecn\u00e1 \u00faverov\u00e1 banka<br \/>\n<strong>IBAN:<\/strong> SK76 0200 0000 0037 2384 2256<br \/>\n<strong>SWIF-BIC:<\/strong> SUBASKBX<\/p>\n<p><strong>Platba Internet Bankingom<\/strong><br \/>\n<a href=\"https:\/\/ib.slsp.sk\/main\/start.do\">Slovensk\u00e1 sporite\u013e\u0148a<\/a><br \/>\n<a href=\"https:\/\/moja.tatrabanka.sk\/\">Tatra banka<\/a><br \/>\n<a href=\"https:\/\/ib.vub.sk\/ibr\/login\">V\u00daB banka<\/a><br \/>\n<a href=\"https:\/\/ib24.csob.sk\/\">\u010cSOB<\/a><br \/>\n<a href=\"https:\/\/otpdirekt.otpbanka.sk\/login\/login_main_jelszoalapu.jsp\">OTP banka<\/a><br \/>\n<a href=\"https:\/\/moja.postovabanka.sk\/ib\/logon.aspx\">Po\u0161tov\u00e1 banka<\/a><br \/>\n<a href=\"https:\/\/ib.primabanka.sk\/ib\/default.aspx\">Prima banka<\/a><br \/>\n<a href=\"https:\/\/www.mbank.sk\/individualni\/sluzby\/internet-banking\/index.html\">mBank<\/a><br \/>\n<a href=\"https:\/\/moje.zuno.sk\/ri.channel.web.ui.sk\/bfo\/service\/login\/login.iface\">Zuno<\/a><br \/>\n<a href=\"http:\/\/banky.sk\/zoznam-bank-na-slovensku\/\">in\u00e9<\/a><\/p>\n<p><img loading=\"lazy\" decoding=\"async\" class=\"wp-image-941 size-large aligncenter\" src=\"http:\/\/www.desales.sk\/wp-content\/uploads\/2017\/07\/Web-07-Dakujeme-Kvetinka-a-motyliky-without-border-1024x509.png\" alt=\"\" width=\"790\" height=\"393\" srcset=\"http:\/\/www.desales.sk\/wp-content\/uploads\/2017\/07\/Web-07-Dakujeme-Kvetinka-a-motyliky-without-border-1024x509.png 1024w, http:\/\/www.desales.sk\/wp-content\/uploads\/2017\/07\/Web-07-Dakujeme-Kvetinka-a-motyliky-without-border-300x149.png 300w, http:\/\/www.desales.sk\/wp-content\/uploads\/2017\/07\/Web-07-Dakujeme-Kvetinka-a-motyliky-without-border-768x382.png 768w, http:\/\/www.desales.sk\/wp-content\/uploads\/2017\/07\/Web-07-Dakujeme-Kvetinka-a-motyliky-without-border.png 1910w\" sizes=\"auto, (max-width: 790px) 100vw, 790px\" \/><\/p>\n","protected":false},"excerpt":{"rendered":"<p>Bankov\u00e9 spojenie N\u00e1zov majite\u013ea \u00fa\u010dtu: In\u0161tit\u00fat sv\u00e4t\u00e9ho Franti\u0161ka Salesk\u00e9ho N\u00e1zov banky: V\u0161eobecn\u00e1 \u00faverov\u00e1 banka IBAN: SK76 0200 0000 0037 2384 2256 SWIF-BIC: SUBASKBX Platba Internet Bankingom Slovensk\u00e1 sporite\u013e\u0148a Tatra banka V\u00daB banka \u010cSOB OTP banka Po\u0161tov\u00e1 banka Prima banka mBank Zuno in\u00e9<\/p>\n","protected":false},"author":1,"featured_media":0,"parent":0,"menu_order":0,"comment_status":"closed","ping_status":"closed","template":"","meta":{"footnotes":""},"class_list":["post-956","page","type-page","status-publish","hentry"],"_links":{"self":[{"href":"http:\/\/www.desales.sk\/index.php?rest_route=\/wp\/v2\/pages\/956","targetHints":{"allow":["GET"]}}],"collection":[{"href":"http:\/\/www.desales.sk\/index.php?rest_route=\/wp\/v2\/pages"}],"about":[{"href":"http:\/\/www.desales.sk\/index.php?rest_route=\/wp\/v2\/types\/page"}],"author":[{"embeddable":true,"href":"http:\/\/www.desales.sk\/index.php?rest_route=\/wp\/v2\/users\/1"}],"replies":[{"embeddable":true,"href":"http:\/\/www.desales.sk\/index.php?rest_route=%2Fwp%2Fv2%2Fcomments&post=956"}],"version-history":[{"count":0,"href":"http:\/\/www.desales.sk\/index.php?rest_route=\/wp\/v2\/pages\/956\/revisions"}],"wp:attachment":[{"href":"http:\/\/www.desales.sk\/index.php?rest_route=%2Fwp%2Fv2%2Fmedia&parent=956"}],"curies":[{"name":"wp","href":"https:\/\/api.w.org\/{rel}","templated":true}]}}